{"id":19210,"date":"2025-05-13T19:16:54","date_gmt":"2025-05-13T18:16:54","guid":{"rendered":"https:\/\/elnesry.com\/?post_type=product&#038;p=19210"},"modified":"2025-10-16T21:46:34","modified_gmt":"2025-10-16T20:46:34","slug":"%d9%81%d8%b3%d8%aa%d8%a7%d9%86-%d8%b3%d9%86%d8%af%d8%b3","status":"publish","type":"product","link":"https:\/\/elnesry.com\/fr\/store\/%d9%81%d8%b3%d8%aa%d8%a7%d9%86-%d8%b3%d9%86%d8%af%d8%b3\/","title":{"rendered":"\u0641\u0633\u062a\u0627\u0646 \u0633\u0646\u062f\u0633"},"content":{"rendered":"<p>\u00c9l\u00e9gante et naturelle, notre robe cache-c\u0153ur en lin allie confort et f\u00e9minit\u00e9.<br \/>\nUne coupe flatteuse, un tissu respirant \u2014 pens\u00e9e pour vos journ\u00e9es d&#8217;\u00e9t\u00e9.<br \/>\nDisponible en une seule couleur et dans toute les tailles.<\/p>","protected":false},"excerpt":{"rendered":"<p>\u00c9l\u00e9gante et naturelle, notre robe cache-c\u0153ur en lin allie confort et f\u00e9minit\u00e9. Une coupe flatteuse, un tissu respirant \u2014 pens\u00e9e<\/p>","protected":false},"featured_media":19211,"comment_status":"open","ping_status":"closed","template":"","meta":{"_acf_changed":false},"product_brand":[],"product_cat":[58],"product_tag":[],"class_list":{"0":"post-19210","1":"product","2":"type-product","3":"status-publish","4":"has-post-thumbnail","6":"product_cat-58","8":"first","9":"instock","10":"shipping-taxable","11":"purchasable","12":"product-type-variable"},"acf":[],"_links":{"self":[{"href":"https:\/\/elnesry.com\/fr\/wp-json\/wp\/v2\/product\/19210","targetHints":{"allow":["GET"]}}],"collection":[{"href":"https:\/\/elnesry.com\/fr\/wp-json\/wp\/v2\/product"}],"about":[{"href":"https:\/\/elnesry.com\/fr\/wp-json\/wp\/v2\/types\/product"}],"replies":[{"embeddable":true,"href":"https:\/\/elnesry.com\/fr\/wp-json\/wp\/v2\/comments?post=19210"}],"wp:featuredmedia":[{"embeddable":true,"href":"https:\/\/elnesry.com\/fr\/wp-json\/wp\/v2\/media\/19211"}],"wp:attachment":[{"href":"https:\/\/elnesry.com\/fr\/wp-json\/wp\/v2\/media?parent=19210"}],"wp:term":[{"taxonomy":"product_brand","embeddable":true,"href":"https:\/\/elnesry.com\/fr\/wp-json\/wp\/v2\/product_brand?post=19210"},{"taxonomy":"product_cat","embeddable":true,"href":"https:\/\/elnesry.com\/fr\/wp-json\/wp\/v2\/product_cat?post=19210"},{"taxonomy":"product_tag","embeddable":true,"href":"https:\/\/elnesry.com\/fr\/wp-json\/wp\/v2\/product_tag?post=19210"}],"curies":[{"name":"wp","href":"https:\/\/api.w.org\/{rel}","templated":true}]}}