{"id":19244,"date":"2025-05-18T14:19:44","date_gmt":"2025-05-18T13:19:44","guid":{"rendered":"https:\/\/elnesry.com\/?post_type=product&#038;p=19244"},"modified":"2025-10-17T01:40:52","modified_gmt":"2025-10-17T00:40:52","slug":"%d8%ad%d8%ac%d8%a7%d8%a8-%d8%b1%d9%8a%d8%ad%d8%a7%d9%86-%d8%a3%d8%b2%d8%b1%d9%82-%d8%ac%d9%8a%d9%86%d8%b2","status":"publish","type":"product","link":"https:\/\/elnesry.com\/fr\/store\/%d8%ad%d8%ac%d8%a7%d8%a8-%d8%b1%d9%8a%d8%ad%d8%a7%d9%86-%d8%a3%d8%b2%d8%b1%d9%82-%d8%ac%d9%8a%d9%86%d8%b2\/","title":{"rendered":"-\u062d\u062c\u0627\u0628 \u0631\u064a\u062d\u0627\u0646 -\u0623\u0632\u0631\u0642 \u062c\u064a\u0646\u0632"},"content":{"rendered":"<p>Hidjab \u0631\u064a\u062d\u0627\u0646 est un hidjab d&#8217;une coupe  large dot\u00e9 de manches bouffantes resserr\u00e9es par des boutons au niveau des poign\u00e9es, cousu dans un tissu l\u00e9ger et opaque qui convient avec la demi saison et la saison estivale.<br \/>\nDisponible en 2 tailles et en plusieurs couleurs.<\/p>","protected":false},"excerpt":{"rendered":"<p>Hidjab \u0631\u064a\u062d\u0627\u0646 est un hidjab d&#8217;une coupe large dot\u00e9 de manches bouffantes resserr\u00e9es par des boutons au niveau des poign\u00e9es,<\/p>","protected":false},"featured_media":19229,"comment_status":"open","ping_status":"closed","template":"","meta":{"_acf_changed":false},"product_brand":[],"product_cat":[58],"product_tag":[],"class_list":{"0":"post-19244","1":"product","2":"type-product","3":"status-publish","4":"has-post-thumbnail","6":"product_cat-58","8":"first","9":"instock","10":"shipping-taxable","11":"purchasable","12":"product-type-variable"},"acf":[],"_links":{"self":[{"href":"https:\/\/elnesry.com\/fr\/wp-json\/wp\/v2\/product\/19244","targetHints":{"allow":["GET"]}}],"collection":[{"href":"https:\/\/elnesry.com\/fr\/wp-json\/wp\/v2\/product"}],"about":[{"href":"https:\/\/elnesry.com\/fr\/wp-json\/wp\/v2\/types\/product"}],"replies":[{"embeddable":true,"href":"https:\/\/elnesry.com\/fr\/wp-json\/wp\/v2\/comments?post=19244"}],"wp:featuredmedia":[{"embeddable":true,"href":"https:\/\/elnesry.com\/fr\/wp-json\/wp\/v2\/media\/19229"}],"wp:attachment":[{"href":"https:\/\/elnesry.com\/fr\/wp-json\/wp\/v2\/media?parent=19244"}],"wp:term":[{"taxonomy":"product_brand","embeddable":true,"href":"https:\/\/elnesry.com\/fr\/wp-json\/wp\/v2\/product_brand?post=19244"},{"taxonomy":"product_cat","embeddable":true,"href":"https:\/\/elnesry.com\/fr\/wp-json\/wp\/v2\/product_cat?post=19244"},{"taxonomy":"product_tag","embeddable":true,"href":"https:\/\/elnesry.com\/fr\/wp-json\/wp\/v2\/product_tag?post=19244"}],"curies":[{"name":"wp","href":"https:\/\/api.w.org\/{rel}","templated":true}]}}