{"id":19335,"date":"2025-06-01T17:23:23","date_gmt":"2025-06-01T16:23:23","guid":{"rendered":"https:\/\/elnesry.com\/?post_type=product&#038;p=19335"},"modified":"2025-10-16T21:45:38","modified_gmt":"2025-10-16T20:45:38","slug":"kimono-fleuri","status":"publish","type":"product","link":"https:\/\/elnesry.com\/fr\/store\/kimono-fleuri\/","title":{"rendered":"Kimono Fleuri"},"content":{"rendered":"<p style=\"text-align: left\">Kimono mi-long (110cm de longueur) se porte ouvert, con\u00e7u avec un tissu imprim\u00e9 a petites fleurs, fluide et opaque convenable pour la saison estivale. \u00c9paules tombantes; manches longues.<\/p>\n<p>Disponible en 4 couleurs<\/p>","protected":false},"excerpt":{"rendered":"<p>Kimono mi-long (110cm de longueur) se porte ouvert, con\u00e7u avec un tissu imprim\u00e9 a petites fleurs, fluide et opaque convenable<\/p>","protected":false},"featured_media":19344,"comment_status":"open","ping_status":"closed","template":"","meta":{"_acf_changed":false},"product_brand":[],"product_cat":[124],"product_tag":[],"class_list":{"0":"post-19335","1":"product","2":"type-product","3":"status-publish","4":"has-post-thumbnail","6":"product_cat-kimono","8":"first","9":"instock","10":"shipping-taxable","11":"purchasable","12":"product-type-variable"},"acf":[],"_links":{"self":[{"href":"https:\/\/elnesry.com\/fr\/wp-json\/wp\/v2\/product\/19335","targetHints":{"allow":["GET"]}}],"collection":[{"href":"https:\/\/elnesry.com\/fr\/wp-json\/wp\/v2\/product"}],"about":[{"href":"https:\/\/elnesry.com\/fr\/wp-json\/wp\/v2\/types\/product"}],"replies":[{"embeddable":true,"href":"https:\/\/elnesry.com\/fr\/wp-json\/wp\/v2\/comments?post=19335"}],"wp:featuredmedia":[{"embeddable":true,"href":"https:\/\/elnesry.com\/fr\/wp-json\/wp\/v2\/media\/19344"}],"wp:attachment":[{"href":"https:\/\/elnesry.com\/fr\/wp-json\/wp\/v2\/media?parent=19335"}],"wp:term":[{"taxonomy":"product_brand","embeddable":true,"href":"https:\/\/elnesry.com\/fr\/wp-json\/wp\/v2\/product_brand?post=19335"},{"taxonomy":"product_cat","embeddable":true,"href":"https:\/\/elnesry.com\/fr\/wp-json\/wp\/v2\/product_cat?post=19335"},{"taxonomy":"product_tag","embeddable":true,"href":"https:\/\/elnesry.com\/fr\/wp-json\/wp\/v2\/product_tag?post=19335"}],"curies":[{"name":"wp","href":"https:\/\/api.w.org\/{rel}","templated":true}]}}