{"id":19383,"date":"2025-06-03T22:17:04","date_gmt":"2025-06-03T21:17:04","guid":{"rendered":"https:\/\/elnesry.com\/?post_type=product&#038;p=19383"},"modified":"2026-04-14T21:07:21","modified_gmt":"2026-04-14T20:07:21","slug":"robe-lily","status":"publish","type":"product","link":"https:\/\/elnesry.com\/fr\/store\/robe-lily\/","title":{"rendered":"Robe Lily"},"content":{"rendered":"<p style=\"text-align: right;\">Rayonnez avec cette robe cache-c\u0153ur jaune soleil, nou\u00e9e d\u00e9licatement sur le c\u00f4t\u00e9 pour sublimer la taille.<br \/>\nSes manches fluides avec un d\u00e9tail sublime ajoutent une touche de gr\u00e2ce \u00e0 chaque mouvement.<br \/>\nParfaite pour les journ\u00e9es lumineuses, les soir\u00e9es l\u00e9g\u00e8res et tous les moments o\u00f9 vous voulez briller.<\/p>","protected":false},"excerpt":{"rendered":"<p>Rayonnez avec cette robe cache-c\u0153ur jaune soleil, nou\u00e9e d\u00e9licatement sur le c\u00f4t\u00e9 pour sublimer la taille. Ses manches fluides avec<\/p>","protected":false},"featured_media":19397,"comment_status":"open","ping_status":"closed","template":"","meta":{"_acf_changed":false},"product_brand":[],"product_cat":[128,58],"product_tag":[],"class_list":{"0":"post-19383","1":"product","2":"type-product","3":"status-publish","4":"has-post-thumbnail","6":"product_cat-destockage","7":"product_cat-58","9":"first","10":"outofstock","11":"shipping-taxable","12":"purchasable","13":"product-type-variable"},"acf":[],"_links":{"self":[{"href":"https:\/\/elnesry.com\/fr\/wp-json\/wp\/v2\/product\/19383","targetHints":{"allow":["GET"]}}],"collection":[{"href":"https:\/\/elnesry.com\/fr\/wp-json\/wp\/v2\/product"}],"about":[{"href":"https:\/\/elnesry.com\/fr\/wp-json\/wp\/v2\/types\/product"}],"replies":[{"embeddable":true,"href":"https:\/\/elnesry.com\/fr\/wp-json\/wp\/v2\/comments?post=19383"}],"wp:featuredmedia":[{"embeddable":true,"href":"https:\/\/elnesry.com\/fr\/wp-json\/wp\/v2\/media\/19397"}],"wp:attachment":[{"href":"https:\/\/elnesry.com\/fr\/wp-json\/wp\/v2\/media?parent=19383"}],"wp:term":[{"taxonomy":"product_brand","embeddable":true,"href":"https:\/\/elnesry.com\/fr\/wp-json\/wp\/v2\/product_brand?post=19383"},{"taxonomy":"product_cat","embeddable":true,"href":"https:\/\/elnesry.com\/fr\/wp-json\/wp\/v2\/product_cat?post=19383"},{"taxonomy":"product_tag","embeddable":true,"href":"https:\/\/elnesry.com\/fr\/wp-json\/wp\/v2\/product_tag?post=19383"}],"curies":[{"name":"wp","href":"https:\/\/api.w.org\/{rel}","templated":true}]}}