{"id":19416,"date":"2025-06-10T18:11:29","date_gmt":"2025-06-10T17:11:29","guid":{"rendered":"https:\/\/elnesry.com\/?post_type=product&#038;p=19416"},"modified":"2025-07-20T15:42:35","modified_gmt":"2025-07-20T14:42:35","slug":"simply-dress-bleu-ciel","status":"publish","type":"product","link":"https:\/\/elnesry.com\/fr\/store\/simply-dress-bleu-ciel\/","title":{"rendered":"Simply Dress -Bleu Ciel-"},"content":{"rendered":"<p>Optez pour cette robe longue \u00e9vas\u00e9e, au col chemise structur\u00e9 et au tomb\u00e9 fluide qui allie \u00e9l\u00e9gance et confort. Sa coupe flatteuse met en valeur la silhouette sans trop en faire, tandis que son tissu l\u00e9ger la rend id\u00e9ale pour les journ\u00e9es chaudes.<br \/>\nDisponible en 2 couleurs (bleu ciel et Bleu Jean).<\/p>","protected":false},"excerpt":{"rendered":"<p>Optez pour cette robe longue \u00e9vas\u00e9e, au col chemise structur\u00e9 et au tomb\u00e9 fluide qui allie \u00e9l\u00e9gance et confort. Sa<\/p>","protected":false},"featured_media":19417,"comment_status":"open","ping_status":"closed","template":"","meta":{"_acf_changed":false},"product_brand":[],"product_cat":[58],"product_tag":[],"class_list":{"0":"post-19416","1":"product","2":"type-product","3":"status-publish","4":"has-post-thumbnail","6":"product_cat-58","8":"first","9":"outofstock","10":"shipping-taxable","11":"purchasable","12":"product-type-variable"},"acf":[],"_links":{"self":[{"href":"https:\/\/elnesry.com\/fr\/wp-json\/wp\/v2\/product\/19416","targetHints":{"allow":["GET"]}}],"collection":[{"href":"https:\/\/elnesry.com\/fr\/wp-json\/wp\/v2\/product"}],"about":[{"href":"https:\/\/elnesry.com\/fr\/wp-json\/wp\/v2\/types\/product"}],"replies":[{"embeddable":true,"href":"https:\/\/elnesry.com\/fr\/wp-json\/wp\/v2\/comments?post=19416"}],"wp:featuredmedia":[{"embeddable":true,"href":"https:\/\/elnesry.com\/fr\/wp-json\/wp\/v2\/media\/19417"}],"wp:attachment":[{"href":"https:\/\/elnesry.com\/fr\/wp-json\/wp\/v2\/media?parent=19416"}],"wp:term":[{"taxonomy":"product_brand","embeddable":true,"href":"https:\/\/elnesry.com\/fr\/wp-json\/wp\/v2\/product_brand?post=19416"},{"taxonomy":"product_cat","embeddable":true,"href":"https:\/\/elnesry.com\/fr\/wp-json\/wp\/v2\/product_cat?post=19416"},{"taxonomy":"product_tag","embeddable":true,"href":"https:\/\/elnesry.com\/fr\/wp-json\/wp\/v2\/product_tag?post=19416"}],"curies":[{"name":"wp","href":"https:\/\/api.w.org\/{rel}","templated":true}]}}