{"id":19736,"date":"2025-07-18T16:49:50","date_gmt":"2025-07-18T15:49:50","guid":{"rendered":"https:\/\/elnesry.com\/?post_type=product&#038;p=19736"},"modified":"2025-07-22T23:51:32","modified_gmt":"2025-07-22T22:51:32","slug":"elegent-swimwear-blue","status":"publish","type":"product","link":"https:\/\/elnesry.com\/fr\/store\/elegent-swimwear-blue\/","title":{"rendered":"Elegent Swimwear Blue"},"content":{"rendered":"<p>Un maillot de bain compos\u00e9 de 3 pi\u00e8ces (tunique mi-longue &#8211; legging de bain &#8211; bonnet de bain) confortable et facile \u00e0 porter pour une baignade ou toutes activit\u00e9s aquatiques. Confectionn\u00e9 dans un tissu opaque qui ne se colle pas au corps mouill\u00e9.<\/p>\n<p>Disponible en une seule couleur.<\/p>","protected":false},"excerpt":{"rendered":"<p>Un maillot de bain compos\u00e9 de 3 pi\u00e8ces (tunique mi-longue &#8211; legging de bain &#8211; bonnet de bain) confortable et<\/p>","protected":false},"featured_media":8748,"comment_status":"open","ping_status":"closed","template":"","meta":{"_acf_changed":false},"product_brand":[],"product_cat":[70],"product_tag":[],"class_list":{"0":"post-19736","1":"product","2":"type-product","3":"status-publish","4":"has-post-thumbnail","6":"product_cat-70","8":"first","9":"instock","10":"shipping-taxable","11":"purchasable","12":"product-type-variable"},"acf":[],"_links":{"self":[{"href":"https:\/\/elnesry.com\/fr\/wp-json\/wp\/v2\/product\/19736","targetHints":{"allow":["GET"]}}],"collection":[{"href":"https:\/\/elnesry.com\/fr\/wp-json\/wp\/v2\/product"}],"about":[{"href":"https:\/\/elnesry.com\/fr\/wp-json\/wp\/v2\/types\/product"}],"replies":[{"embeddable":true,"href":"https:\/\/elnesry.com\/fr\/wp-json\/wp\/v2\/comments?post=19736"}],"wp:featuredmedia":[{"embeddable":true,"href":"https:\/\/elnesry.com\/fr\/wp-json\/wp\/v2\/media\/8748"}],"wp:attachment":[{"href":"https:\/\/elnesry.com\/fr\/wp-json\/wp\/v2\/media?parent=19736"}],"wp:term":[{"taxonomy":"product_brand","embeddable":true,"href":"https:\/\/elnesry.com\/fr\/wp-json\/wp\/v2\/product_brand?post=19736"},{"taxonomy":"product_cat","embeddable":true,"href":"https:\/\/elnesry.com\/fr\/wp-json\/wp\/v2\/product_cat?post=19736"},{"taxonomy":"product_tag","embeddable":true,"href":"https:\/\/elnesry.com\/fr\/wp-json\/wp\/v2\/product_tag?post=19736"}],"curies":[{"name":"wp","href":"https:\/\/api.w.org\/{rel}","templated":true}]}}