{"id":19802,"date":"2025-07-23T12:33:11","date_gmt":"2025-07-23T11:33:11","guid":{"rendered":"https:\/\/elnesry.com\/?post_type=product&#038;p=19802"},"modified":"2025-08-12T16:51:47","modified_gmt":"2025-08-12T15:51:47","slug":"long-flower-modest-swimwear-black","status":"publish","type":"product","link":"https:\/\/elnesry.com\/fr\/store\/long-flower-modest-swimwear-black\/","title":{"rendered":"Long Flower Modest Swimwear -black-"},"content":{"rendered":"<p>D\u00e9couvrez le nouveau Flower Modest Swimwear, Burkini chic avec summer vibes, compos\u00e9 de 3 pi\u00e8ces : cagoule; combinaison legging et tunique longue, cousu dans un tissu imperm\u00e9able et facile a s\u00e9cher.<br \/>\nDisponible dans les 3 tailles.<\/p>","protected":false},"excerpt":{"rendered":"<p>D\u00e9couvrez le nouveau Flower Modest Swimwear, Burkini chic avec summer vibes, compos\u00e9 de 3 pi\u00e8ces : cagoule; combinaison legging et<\/p>","protected":false},"featured_media":19795,"comment_status":"open","ping_status":"closed","template":"","meta":{"_acf_changed":false},"product_brand":[],"product_cat":[70],"product_tag":[],"class_list":{"0":"post-19802","1":"product","2":"type-product","3":"status-publish","4":"has-post-thumbnail","6":"product_cat-70","8":"first","9":"outofstock","10":"sale","11":"shipping-taxable","12":"purchasable","13":"product-type-variable"},"acf":[],"_links":{"self":[{"href":"https:\/\/elnesry.com\/fr\/wp-json\/wp\/v2\/product\/19802","targetHints":{"allow":["GET"]}}],"collection":[{"href":"https:\/\/elnesry.com\/fr\/wp-json\/wp\/v2\/product"}],"about":[{"href":"https:\/\/elnesry.com\/fr\/wp-json\/wp\/v2\/types\/product"}],"replies":[{"embeddable":true,"href":"https:\/\/elnesry.com\/fr\/wp-json\/wp\/v2\/comments?post=19802"}],"wp:featuredmedia":[{"embeddable":true,"href":"https:\/\/elnesry.com\/fr\/wp-json\/wp\/v2\/media\/19795"}],"wp:attachment":[{"href":"https:\/\/elnesry.com\/fr\/wp-json\/wp\/v2\/media?parent=19802"}],"wp:term":[{"taxonomy":"product_brand","embeddable":true,"href":"https:\/\/elnesry.com\/fr\/wp-json\/wp\/v2\/product_brand?post=19802"},{"taxonomy":"product_cat","embeddable":true,"href":"https:\/\/elnesry.com\/fr\/wp-json\/wp\/v2\/product_cat?post=19802"},{"taxonomy":"product_tag","embeddable":true,"href":"https:\/\/elnesry.com\/fr\/wp-json\/wp\/v2\/product_tag?post=19802"}],"curies":[{"name":"wp","href":"https:\/\/api.w.org\/{rel}","templated":true}]}}