{"id":19833,"date":"2025-07-24T16:36:53","date_gmt":"2025-07-24T15:36:53","guid":{"rendered":"https:\/\/elnesry.com\/?post_type=product&#038;p=19833"},"modified":"2025-08-16T22:11:54","modified_gmt":"2025-08-16T21:11:54","slug":"burkini-midnight","status":"publish","type":"product","link":"https:\/\/elnesry.com\/fr\/store\/burkini-midnight\/","title":{"rendered":"Burkini Midnight-black-"},"content":{"rendered":"<p>Burkini en tissu kaoui , imperm\u00e9able qui s\u00e8che tr\u00e8s vite<br \/>\nSouple et fluide<br \/>\ncompos\u00e9 de trois pieces :<\/p>\n<p>Tunique en tissu kaoui , une fermeture \u00e9clair d\u00e9tachable de tr\u00e8s bon qualit\u00e9.<\/p>\n<p>Combinaison legging de bain en tissu malliot ,<\/p>\n<p>Une cagoule qui cache l&#8217;ensemble des cheveux et cou.<\/p>","protected":false},"excerpt":{"rendered":"<p>Burkini en tissu kaoui , imperm\u00e9able qui s\u00e8che tr\u00e8s vite Souple et fluide compos\u00e9 de trois pieces : Tunique en<\/p>","protected":false},"featured_media":19812,"comment_status":"open","ping_status":"closed","template":"","meta":{"_acf_changed":false},"product_brand":[],"product_cat":[70],"product_tag":[],"class_list":{"0":"post-19833","1":"product","2":"type-product","3":"status-publish","4":"has-post-thumbnail","6":"product_cat-70","8":"first","9":"outofstock","10":"sale","11":"shipping-taxable","12":"purchasable","13":"product-type-variable"},"acf":[],"_links":{"self":[{"href":"https:\/\/elnesry.com\/fr\/wp-json\/wp\/v2\/product\/19833","targetHints":{"allow":["GET"]}}],"collection":[{"href":"https:\/\/elnesry.com\/fr\/wp-json\/wp\/v2\/product"}],"about":[{"href":"https:\/\/elnesry.com\/fr\/wp-json\/wp\/v2\/types\/product"}],"replies":[{"embeddable":true,"href":"https:\/\/elnesry.com\/fr\/wp-json\/wp\/v2\/comments?post=19833"}],"wp:featuredmedia":[{"embeddable":true,"href":"https:\/\/elnesry.com\/fr\/wp-json\/wp\/v2\/media\/19812"}],"wp:attachment":[{"href":"https:\/\/elnesry.com\/fr\/wp-json\/wp\/v2\/media?parent=19833"}],"wp:term":[{"taxonomy":"product_brand","embeddable":true,"href":"https:\/\/elnesry.com\/fr\/wp-json\/wp\/v2\/product_brand?post=19833"},{"taxonomy":"product_cat","embeddable":true,"href":"https:\/\/elnesry.com\/fr\/wp-json\/wp\/v2\/product_cat?post=19833"},{"taxonomy":"product_tag","embeddable":true,"href":"https:\/\/elnesry.com\/fr\/wp-json\/wp\/v2\/product_tag?post=19833"}],"curies":[{"name":"wp","href":"https:\/\/api.w.org\/{rel}","templated":true}]}}