{"id":19853,"date":"2025-07-25T16:42:38","date_gmt":"2025-07-25T15:42:38","guid":{"rendered":"https:\/\/elnesry.com\/?post_type=product&#038;p=19853"},"modified":"2025-09-12T23:13:16","modified_gmt":"2025-09-12T22:13:16","slug":"burkini-midnight-bleu","status":"publish","type":"product","link":"https:\/\/elnesry.com\/fr\/store\/burkini-midnight-bleu\/","title":{"rendered":"Burkini Midnight-bleu-"},"content":{"rendered":"<p>Burkini en tissu kaoui , imperm\u00e9able qui s\u00e8che tr\u00e8s vite<br \/>\nSouple et fluide<br \/>\ncompos\u00e9 de trois pieces :<\/p>\n<p>Tunique en tissu kaoui , une fermeture \u00e9clair d\u00e9tachable de tr\u00e8s bon qualit\u00e9.<\/p>\n<p>Combinaison legging de bain en tissu malliot ,<\/p>\n<p>Une cagoule qui cache l&#8217;ensemble des cheveux et cou.<\/p>","protected":false},"excerpt":{"rendered":"<p>Burkini en tissu kaoui , imperm\u00e9able qui s\u00e8che tr\u00e8s vite Souple et fluide compos\u00e9 de trois pieces : Tunique en<\/p>","protected":false},"featured_media":19777,"comment_status":"open","ping_status":"closed","template":"","meta":{"_acf_changed":false},"product_brand":[],"product_cat":[70],"product_tag":[],"class_list":{"0":"post-19853","1":"product","2":"type-product","3":"status-publish","4":"has-post-thumbnail","6":"product_cat-70","8":"first","9":"outofstock","10":"sale","11":"shipping-taxable","12":"purchasable","13":"product-type-variable"},"acf":[],"_links":{"self":[{"href":"https:\/\/elnesry.com\/fr\/wp-json\/wp\/v2\/product\/19853","targetHints":{"allow":["GET"]}}],"collection":[{"href":"https:\/\/elnesry.com\/fr\/wp-json\/wp\/v2\/product"}],"about":[{"href":"https:\/\/elnesry.com\/fr\/wp-json\/wp\/v2\/types\/product"}],"replies":[{"embeddable":true,"href":"https:\/\/elnesry.com\/fr\/wp-json\/wp\/v2\/comments?post=19853"}],"wp:featuredmedia":[{"embeddable":true,"href":"https:\/\/elnesry.com\/fr\/wp-json\/wp\/v2\/media\/19777"}],"wp:attachment":[{"href":"https:\/\/elnesry.com\/fr\/wp-json\/wp\/v2\/media?parent=19853"}],"wp:term":[{"taxonomy":"product_brand","embeddable":true,"href":"https:\/\/elnesry.com\/fr\/wp-json\/wp\/v2\/product_brand?post=19853"},{"taxonomy":"product_cat","embeddable":true,"href":"https:\/\/elnesry.com\/fr\/wp-json\/wp\/v2\/product_cat?post=19853"},{"taxonomy":"product_tag","embeddable":true,"href":"https:\/\/elnesry.com\/fr\/wp-json\/wp\/v2\/product_tag?post=19853"}],"curies":[{"name":"wp","href":"https:\/\/api.w.org\/{rel}","templated":true}]}}