{"id":20014,"date":"2025-08-29T18:56:05","date_gmt":"2025-08-29T17:56:05","guid":{"rendered":"https:\/\/elnesry.com\/?post_type=product&#038;p=20014"},"modified":"2025-10-16T21:42:15","modified_gmt":"2025-10-16T20:42:15","slug":"%d8%b9%d8%a8%d8%a7%d9%8a%d8%a9-%d8%b1%d9%88%d8%b6%d8%a9-%d8%a3%d8%ae%d8%b6%d8%b1","status":"publish","type":"product","link":"https:\/\/elnesry.com\/fr\/store\/%d8%b9%d8%a8%d8%a7%d9%8a%d8%a9-%d8%b1%d9%88%d8%b6%d8%a9-%d8%a3%d8%ae%d8%b6%d8%b1\/","title":{"rendered":"&#8211; \u0639\u0628\u0627\u064a\u0629 \u0631\u0648\u0636\u0629 &#8211; \u0623\u062e\u0636\u0631"},"content":{"rendered":"<p>\u00c9l\u00e9gance &amp; douceur r\u00e9unies<br \/>\nSublime abaya vert olive, fluide et confortable, rehauss\u00e9e de manches aux d\u00e9tails satin\u00e9s imprim\u00e9s pour une touche chic et moderne.<br \/>\nUn look raffin\u00e9 qui allie simplicit\u00e9 et sophistication \u2014 id\u00e9al pour toutes les occasions.<\/p>","protected":false},"excerpt":{"rendered":"<p><!--more--><\/p>","protected":false},"featured_media":20020,"comment_status":"open","ping_status":"closed","template":"","meta":{"_acf_changed":false},"product_brand":[],"product_cat":[53],"product_tag":[119],"class_list":{"0":"post-20014","1":"product","2":"type-product","3":"status-publish","4":"has-post-thumbnail","6":"product_cat-53","7":"product_tag----abaya-hijab-best-hijab-hijab-alger","9":"first","10":"outofstock","11":"shipping-taxable","12":"purchasable","13":"product-type-variable"},"acf":[],"_links":{"self":[{"href":"https:\/\/elnesry.com\/fr\/wp-json\/wp\/v2\/product\/20014","targetHints":{"allow":["GET"]}}],"collection":[{"href":"https:\/\/elnesry.com\/fr\/wp-json\/wp\/v2\/product"}],"about":[{"href":"https:\/\/elnesry.com\/fr\/wp-json\/wp\/v2\/types\/product"}],"replies":[{"embeddable":true,"href":"https:\/\/elnesry.com\/fr\/wp-json\/wp\/v2\/comments?post=20014"}],"wp:featuredmedia":[{"embeddable":true,"href":"https:\/\/elnesry.com\/fr\/wp-json\/wp\/v2\/media\/20020"}],"wp:attachment":[{"href":"https:\/\/elnesry.com\/fr\/wp-json\/wp\/v2\/media?parent=20014"}],"wp:term":[{"taxonomy":"product_brand","embeddable":true,"href":"https:\/\/elnesry.com\/fr\/wp-json\/wp\/v2\/product_brand?post=20014"},{"taxonomy":"product_cat","embeddable":true,"href":"https:\/\/elnesry.com\/fr\/wp-json\/wp\/v2\/product_cat?post=20014"},{"taxonomy":"product_tag","embeddable":true,"href":"https:\/\/elnesry.com\/fr\/wp-json\/wp\/v2\/product_tag?post=20014"}],"curies":[{"name":"wp","href":"https:\/\/api.w.org\/{rel}","templated":true}]}}