{"id":3102,"date":"2021-05-25T18:24:54","date_gmt":"2021-05-25T18:24:54","guid":{"rendered":"https:\/\/elnesry.com\/?post_type=product&#038;p=3102"},"modified":"2023-12-15T08:19:47","modified_gmt":"2023-12-15T07:19:47","slug":"foulard-carre-en-satin","status":"publish","type":"product","link":"https:\/\/elnesry.com\/fr\/store\/foulard-carre-en-satin\/","title":{"rendered":"foulard carr\u00e9 en satin"},"content":{"rendered":"<p>des foulard en satin tr\u00e8s \u00e9l\u00e9gants<\/p>\n<p>dimension : 90\/90 cm<\/p>","protected":false},"excerpt":{"rendered":"<p>des foulard en satin tr\u00e8s \u00e9l\u00e9gants dimension : 90\/90 cm<\/p>","protected":false},"featured_media":3099,"comment_status":"open","ping_status":"closed","template":"","meta":{"_acf_changed":false},"product_brand":[],"product_cat":[66],"product_tag":[],"class_list":{"0":"post-3102","1":"product","2":"type-product","3":"status-publish","4":"has-post-thumbnail","6":"product_cat-66","8":"first","9":"instock","10":"featured","11":"shipping-taxable","12":"purchasable","13":"product-type-variable"},"acf":[],"_links":{"self":[{"href":"https:\/\/elnesry.com\/fr\/wp-json\/wp\/v2\/product\/3102","targetHints":{"allow":["GET"]}}],"collection":[{"href":"https:\/\/elnesry.com\/fr\/wp-json\/wp\/v2\/product"}],"about":[{"href":"https:\/\/elnesry.com\/fr\/wp-json\/wp\/v2\/types\/product"}],"replies":[{"embeddable":true,"href":"https:\/\/elnesry.com\/fr\/wp-json\/wp\/v2\/comments?post=3102"}],"wp:featuredmedia":[{"embeddable":true,"href":"https:\/\/elnesry.com\/fr\/wp-json\/wp\/v2\/media\/3099"}],"wp:attachment":[{"href":"https:\/\/elnesry.com\/fr\/wp-json\/wp\/v2\/media?parent=3102"}],"wp:term":[{"taxonomy":"product_brand","embeddable":true,"href":"https:\/\/elnesry.com\/fr\/wp-json\/wp\/v2\/product_brand?post=3102"},{"taxonomy":"product_cat","embeddable":true,"href":"https:\/\/elnesry.com\/fr\/wp-json\/wp\/v2\/product_cat?post=3102"},{"taxonomy":"product_tag","embeddable":true,"href":"https:\/\/elnesry.com\/fr\/wp-json\/wp\/v2\/product_tag?post=3102"}],"curies":[{"name":"wp","href":"https:\/\/api.w.org\/{rel}","templated":true}]}}