{"id":3253,"date":"2021-06-06T09:42:42","date_gmt":"2021-06-06T09:42:42","guid":{"rendered":"https:\/\/elnesry.com\/?post_type=product&#038;p=3253"},"modified":"2025-05-03T11:06:23","modified_gmt":"2025-05-03T10:06:23","slug":"heidi-dress-2","status":"publish","type":"product","link":"https:\/\/elnesry.com\/fr\/store\/heidi-dress-2\/","title":{"rendered":"Heidi Dress-Navy Blue-"},"content":{"rendered":"<p>Robe en tissu tr\u00e8s fluide id\u00e9al pour l \u00e9t\u00e9<\/p>","protected":false},"excerpt":{"rendered":"<p>Robe en tissu tr\u00e8s fluide id\u00e9al pour l \u00e9t\u00e9<\/p>","protected":false},"featured_media":3265,"comment_status":"open","ping_status":"closed","template":"","meta":{"_acf_changed":false},"product_brand":[],"product_cat":[58],"product_tag":[],"class_list":{"0":"post-3253","1":"product","2":"type-product","3":"status-publish","4":"has-post-thumbnail","6":"product_cat-58","8":"first","9":"instock","10":"sale","11":"featured","12":"shipping-taxable","13":"purchasable","14":"product-type-variable"},"acf":[],"_links":{"self":[{"href":"https:\/\/elnesry.com\/fr\/wp-json\/wp\/v2\/product\/3253","targetHints":{"allow":["GET"]}}],"collection":[{"href":"https:\/\/elnesry.com\/fr\/wp-json\/wp\/v2\/product"}],"about":[{"href":"https:\/\/elnesry.com\/fr\/wp-json\/wp\/v2\/types\/product"}],"replies":[{"embeddable":true,"href":"https:\/\/elnesry.com\/fr\/wp-json\/wp\/v2\/comments?post=3253"}],"wp:featuredmedia":[{"embeddable":true,"href":"https:\/\/elnesry.com\/fr\/wp-json\/wp\/v2\/media\/3265"}],"wp:attachment":[{"href":"https:\/\/elnesry.com\/fr\/wp-json\/wp\/v2\/media?parent=3253"}],"wp:term":[{"taxonomy":"product_brand","embeddable":true,"href":"https:\/\/elnesry.com\/fr\/wp-json\/wp\/v2\/product_brand?post=3253"},{"taxonomy":"product_cat","embeddable":true,"href":"https:\/\/elnesry.com\/fr\/wp-json\/wp\/v2\/product_cat?post=3253"},{"taxonomy":"product_tag","embeddable":true,"href":"https:\/\/elnesry.com\/fr\/wp-json\/wp\/v2\/product_tag?post=3253"}],"curies":[{"name":"wp","href":"https:\/\/api.w.org\/{rel}","templated":true}]}}