{"id":5189,"date":"2021-11-07T13:24:19","date_gmt":"2021-11-07T13:24:19","guid":{"rendered":"https:\/\/elnesry.com\/?post_type=product&#038;p=5189"},"modified":"2023-12-15T08:23:46","modified_gmt":"2023-12-15T07:23:46","slug":"robe-col-roule-en-laine","status":"publish","type":"product","link":"https:\/\/elnesry.com\/fr\/store\/robe-col-roule-en-laine\/","title":{"rendered":"Robe col roul\u00e9 en laine"},"content":{"rendered":"<p style=\"padding-left: 40px\">Robe col roul\u00e9 en laine , un tissu moulant qualit\u00e9 sup\u00e9rieure .<\/p>\n<p>taille standard, et disponible en plusieurs couleurs<\/p>","protected":false},"excerpt":{"rendered":"<p><!--more--><\/p>","protected":false},"featured_media":5192,"comment_status":"open","ping_status":"closed","template":"","meta":{"_acf_changed":false},"product_brand":[],"product_cat":[58],"product_tag":[],"class_list":{"0":"post-5189","1":"product","2":"type-product","3":"status-publish","4":"has-post-thumbnail","6":"product_cat-58","8":"first","9":"outofstock","10":"sale","11":"shipping-taxable","12":"purchasable","13":"product-type-variable"},"acf":[],"_links":{"self":[{"href":"https:\/\/elnesry.com\/fr\/wp-json\/wp\/v2\/product\/5189","targetHints":{"allow":["GET"]}}],"collection":[{"href":"https:\/\/elnesry.com\/fr\/wp-json\/wp\/v2\/product"}],"about":[{"href":"https:\/\/elnesry.com\/fr\/wp-json\/wp\/v2\/types\/product"}],"replies":[{"embeddable":true,"href":"https:\/\/elnesry.com\/fr\/wp-json\/wp\/v2\/comments?post=5189"}],"wp:featuredmedia":[{"embeddable":true,"href":"https:\/\/elnesry.com\/fr\/wp-json\/wp\/v2\/media\/5192"}],"wp:attachment":[{"href":"https:\/\/elnesry.com\/fr\/wp-json\/wp\/v2\/media?parent=5189"}],"wp:term":[{"taxonomy":"product_brand","embeddable":true,"href":"https:\/\/elnesry.com\/fr\/wp-json\/wp\/v2\/product_brand?post=5189"},{"taxonomy":"product_cat","embeddable":true,"href":"https:\/\/elnesry.com\/fr\/wp-json\/wp\/v2\/product_cat?post=5189"},{"taxonomy":"product_tag","embeddable":true,"href":"https:\/\/elnesry.com\/fr\/wp-json\/wp\/v2\/product_tag?post=5189"}],"curies":[{"name":"wp","href":"https:\/\/api.w.org\/{rel}","templated":true}]}}