{"id":5412,"date":"2021-11-27T19:42:50","date_gmt":"2021-11-27T19:42:50","guid":{"rendered":"https:\/\/elnesry.com\/?post_type=product&#038;p=5412"},"modified":"2023-12-15T08:23:55","modified_gmt":"2023-12-15T07:23:55","slug":"jupe-a-plis-creux","status":"publish","type":"product","link":"https:\/\/elnesry.com\/fr\/store\/jupe-a-plis-creux\/","title":{"rendered":"jupe \u00e0 plis creux"},"content":{"rendered":"<p>Jupe longue tr\u00e8s f\u00e9minine aves des plis creux sur le devant, et un \u00e9lastique sur le dos pour mieux marquer la taille.<\/p>\n<p>Tissu 4 saison; elle peut \u00eatre porter \u00e9t\u00e9 comme hiver.<\/p>","protected":false},"excerpt":{"rendered":"<p>Jupe longue \u00e0 plis creux<\/p>","protected":false},"featured_media":5413,"comment_status":"open","ping_status":"closed","template":"","meta":{"_acf_changed":false},"product_brand":[],"product_cat":[57],"product_tag":[],"class_list":{"0":"post-5412","1":"product","2":"type-product","3":"status-publish","4":"has-post-thumbnail","6":"product_cat-57","8":"first","9":"outofstock","10":"shipping-taxable","11":"purchasable","12":"product-type-variable"},"acf":[],"_links":{"self":[{"href":"https:\/\/elnesry.com\/fr\/wp-json\/wp\/v2\/product\/5412","targetHints":{"allow":["GET"]}}],"collection":[{"href":"https:\/\/elnesry.com\/fr\/wp-json\/wp\/v2\/product"}],"about":[{"href":"https:\/\/elnesry.com\/fr\/wp-json\/wp\/v2\/types\/product"}],"replies":[{"embeddable":true,"href":"https:\/\/elnesry.com\/fr\/wp-json\/wp\/v2\/comments?post=5412"}],"wp:featuredmedia":[{"embeddable":true,"href":"https:\/\/elnesry.com\/fr\/wp-json\/wp\/v2\/media\/5413"}],"wp:attachment":[{"href":"https:\/\/elnesry.com\/fr\/wp-json\/wp\/v2\/media?parent=5412"}],"wp:term":[{"taxonomy":"product_brand","embeddable":true,"href":"https:\/\/elnesry.com\/fr\/wp-json\/wp\/v2\/product_brand?post=5412"},{"taxonomy":"product_cat","embeddable":true,"href":"https:\/\/elnesry.com\/fr\/wp-json\/wp\/v2\/product_cat?post=5412"},{"taxonomy":"product_tag","embeddable":true,"href":"https:\/\/elnesry.com\/fr\/wp-json\/wp\/v2\/product_tag?post=5412"}],"curies":[{"name":"wp","href":"https:\/\/api.w.org\/{rel}","templated":true}]}}