{"id":5550,"date":"2021-12-11T19:40:49","date_gmt":"2021-12-11T19:40:49","guid":{"rendered":"https:\/\/elnesry.com\/?post_type=product&#038;p=5550"},"modified":"2023-12-15T08:24:44","modified_gmt":"2023-12-15T07:24:44","slug":"chemise-basique-col-cravate","status":"publish","type":"product","link":"https:\/\/elnesry.com\/fr\/store\/chemise-basique-col-cravate\/","title":{"rendered":"Chemise basique col cravate"},"content":{"rendered":"<p>R\u00e9alis\u00e9e dans un tissu de coton souple et l\u00e9ger; cette chemise longue est consid\u00e9r\u00e9e comme une pi\u00e8ce basique qu&#8217;il faut l&#8217;avoir dans sa grade robe.<\/p>\n<ul>\n<li>Col montant prolong\u00e9 par 2 rubans \u00e0 nouer.<\/li>\n<li>Manches bouillonn\u00e9es.<\/li>\n<\/ul>","protected":false},"excerpt":{"rendered":"<p>Chemise longue col cravate<\/p>","protected":false},"featured_media":5557,"comment_status":"open","ping_status":"closed","template":"","meta":{"_acf_changed":false},"product_brand":[],"product_cat":[56],"product_tag":[],"class_list":{"0":"post-5550","1":"product","2":"type-product","3":"status-publish","4":"has-post-thumbnail","6":"product_cat-56","8":"first","9":"outofstock","10":"featured","11":"shipping-taxable","12":"purchasable","13":"product-type-variable"},"acf":[],"_links":{"self":[{"href":"https:\/\/elnesry.com\/fr\/wp-json\/wp\/v2\/product\/5550","targetHints":{"allow":["GET"]}}],"collection":[{"href":"https:\/\/elnesry.com\/fr\/wp-json\/wp\/v2\/product"}],"about":[{"href":"https:\/\/elnesry.com\/fr\/wp-json\/wp\/v2\/types\/product"}],"replies":[{"embeddable":true,"href":"https:\/\/elnesry.com\/fr\/wp-json\/wp\/v2\/comments?post=5550"}],"wp:featuredmedia":[{"embeddable":true,"href":"https:\/\/elnesry.com\/fr\/wp-json\/wp\/v2\/media\/5557"}],"wp:attachment":[{"href":"https:\/\/elnesry.com\/fr\/wp-json\/wp\/v2\/media?parent=5550"}],"wp:term":[{"taxonomy":"product_brand","embeddable":true,"href":"https:\/\/elnesry.com\/fr\/wp-json\/wp\/v2\/product_brand?post=5550"},{"taxonomy":"product_cat","embeddable":true,"href":"https:\/\/elnesry.com\/fr\/wp-json\/wp\/v2\/product_cat?post=5550"},{"taxonomy":"product_tag","embeddable":true,"href":"https:\/\/elnesry.com\/fr\/wp-json\/wp\/v2\/product_tag?post=5550"}],"curies":[{"name":"wp","href":"https:\/\/api.w.org\/{rel}","templated":true}]}}