{"id":5805,"date":"2022-01-13T17:39:47","date_gmt":"2022-01-13T17:39:47","guid":{"rendered":"https:\/\/elnesry.com\/?post_type=product&#038;p=5805"},"modified":"2025-10-16T22:39:37","modified_gmt":"2025-10-16T21:39:37","slug":"5805","status":"publish","type":"product","link":"https:\/\/elnesry.com\/fr\/store\/5805\/","title":{"rendered":"Floral Abaya"},"content":{"rendered":"<p><span class=\"tojvnm2t a6sixzi8 abs2jz4q a8s20v7p t1p8iaqh k5wvi7nf q3lfd5jv pk4s997a bipmatt0 cebpdrjk qowsmv63 owwhemhu dp1hu0rb dhp61c6y iyyx5f41\" style=\"align-items: inherit;align-self: inherit;height: inherit;min-width: inherit;min-height: inherit;width: inherit;flex-direction: inherit;max-width: inherit;flex: inherit;max-height: inherit;font-family: inherit\">\u00a0Abaya trop chic semi ouverte avec une d\u00e9coupe classique en tissu Abaya.<\/span><\/p>\n<p><span class=\"tojvnm2t a6sixzi8 abs2jz4q a8s20v7p t1p8iaqh k5wvi7nf q3lfd5jv pk4s997a bipmatt0 cebpdrjk qowsmv63 owwhemhu dp1hu0rb dhp61c6y iyyx5f41\" style=\"align-items: inherit;align-self: inherit;height: inherit;min-width: inherit;min-height: inherit;width: inherit;flex-direction: inherit;max-width: inherit;flex: inherit;max-height: inherit;font-family: inherit\"> Col tailleur.<\/span><\/p>\n<p><span class=\"tojvnm2t a6sixzi8 abs2jz4q a8s20v7p t1p8iaqh k5wvi7nf q3lfd5jv pk4s997a bipmatt0 cebpdrjk qowsmv63 owwhemhu dp1hu0rb dhp61c6y iyyx5f41\" style=\"align-items: inherit;align-self: inherit;height: inherit;min-width: inherit;min-height: inherit;width: inherit;flex-direction: inherit;max-width: inherit;flex: inherit;max-height: inherit;font-family: inherit\"> \u00c9paules tombantes. <\/span><\/p>\n<p><span class=\"tojvnm2t a6sixzi8 abs2jz4q a8s20v7p t1p8iaqh k5wvi7nf q3lfd5jv pk4s997a bipmatt0 cebpdrjk qowsmv63 owwhemhu dp1hu0rb dhp61c6y iyyx5f41\" style=\"align-items: inherit;align-self: inherit;height: inherit;min-width: inherit;min-height: inherit;width: inherit;flex-direction: inherit;max-width: inherit;flex: inherit;max-height: inherit;font-family: inherit\">La fermeture se fait par 2 boutons en avant.<\/span><\/p>\n<p><span class=\"tojvnm2t a6sixzi8 abs2jz4q a8s20v7p t1p8iaqh k5wvi7nf q3lfd5jv pk4s997a bipmatt0 cebpdrjk qowsmv63 owwhemhu dp1hu0rb dhp61c6y iyyx5f41\" style=\"align-items: inherit;align-self: inherit;height: inherit;min-width: inherit;min-height: inherit;width: inherit;flex-direction: inherit;max-width: inherit;flex: inherit;max-height: inherit;font-family: inherit\"> D\u00e9tails \u00e9l\u00e9gants sur les manches et les les 2 c\u00f4t\u00e9 en bas. <\/span><\/p>\n<p><span class=\"tojvnm2t a6sixzi8 abs2jz4q a8s20v7p t1p8iaqh k5wvi7nf q3lfd5jv pk4s997a bipmatt0 cebpdrjk qowsmv63 owwhemhu dp1hu0rb dhp61c6y iyyx5f41\" style=\"align-items: inherit;align-self: inherit;height: inherit;min-width: inherit;min-height: inherit;width: inherit;flex-direction: inherit;max-width: inherit;flex: inherit;max-height: inherit;font-family: inherit\">Tailles disponibles : <\/span><\/p>\n<p><span class=\"tojvnm2t a6sixzi8 abs2jz4q a8s20v7p t1p8iaqh k5wvi7nf q3lfd5jv pk4s997a bipmatt0 cebpdrjk qowsmv63 owwhemhu dp1hu0rb dhp61c6y iyyx5f41\" style=\"align-items: inherit;align-self: inherit;height: inherit;min-width: inherit;min-height: inherit;width: inherit;flex-direction: inherit;max-width: inherit;flex: inherit;max-height: inherit;font-family: inherit\">taille 1 (36 &#8211; 38) <\/span><\/p>\n<p><span class=\"tojvnm2t a6sixzi8 abs2jz4q a8s20v7p t1p8iaqh k5wvi7nf q3lfd5jv pk4s997a bipmatt0 cebpdrjk qowsmv63 owwhemhu dp1hu0rb dhp61c6y iyyx5f41\" style=\"align-items: inherit;align-self: inherit;height: inherit;min-width: inherit;min-height: inherit;width: inherit;flex-direction: inherit;max-width: inherit;flex: inherit;max-height: inherit;font-family: inherit\">taille 2 (40 &#8211; 42 &#8211; 44) <\/span><\/p>\n<p><span class=\"tojvnm2t a6sixzi8 abs2jz4q a8s20v7p t1p8iaqh k5wvi7nf q3lfd5jv pk4s997a bipmatt0 cebpdrjk qowsmv63 owwhemhu dp1hu0rb dhp61c6y iyyx5f41\" style=\"align-items: inherit;align-self: inherit;height: inherit;min-width: inherit;min-height: inherit;width: inherit;flex-direction: inherit;max-width: inherit;flex: inherit;max-height: inherit;font-family: inherit\">taille 30 (46 &#8211; 48 &#8211; 50)<\/span><\/p>","protected":false},"excerpt":{"rendered":"<p>\u00a0Abaya trop chic semi ouverte avec une d\u00e9coupe classique en tissu Abaya. Col tailleur. \u00c9paules tombantes. La fermeture se fait<\/p>","protected":false},"featured_media":5806,"comment_status":"open","ping_status":"closed","template":"","meta":{"_acf_changed":false},"product_brand":[],"product_cat":[53],"product_tag":[],"class_list":{"0":"post-5805","1":"product","2":"type-product","3":"status-publish","4":"has-post-thumbnail","6":"product_cat-53","8":"first","9":"outofstock","10":"shipping-taxable","11":"purchasable","12":"product-type-variable"},"acf":[],"_links":{"self":[{"href":"https:\/\/elnesry.com\/fr\/wp-json\/wp\/v2\/product\/5805","targetHints":{"allow":["GET"]}}],"collection":[{"href":"https:\/\/elnesry.com\/fr\/wp-json\/wp\/v2\/product"}],"about":[{"href":"https:\/\/elnesry.com\/fr\/wp-json\/wp\/v2\/types\/product"}],"replies":[{"embeddable":true,"href":"https:\/\/elnesry.com\/fr\/wp-json\/wp\/v2\/comments?post=5805"}],"wp:featuredmedia":[{"embeddable":true,"href":"https:\/\/elnesry.com\/fr\/wp-json\/wp\/v2\/media\/5806"}],"wp:attachment":[{"href":"https:\/\/elnesry.com\/fr\/wp-json\/wp\/v2\/media?parent=5805"}],"wp:term":[{"taxonomy":"product_brand","embeddable":true,"href":"https:\/\/elnesry.com\/fr\/wp-json\/wp\/v2\/product_brand?post=5805"},{"taxonomy":"product_cat","embeddable":true,"href":"https:\/\/elnesry.com\/fr\/wp-json\/wp\/v2\/product_cat?post=5805"},{"taxonomy":"product_tag","embeddable":true,"href":"https:\/\/elnesry.com\/fr\/wp-json\/wp\/v2\/product_tag?post=5805"}],"curies":[{"name":"wp","href":"https:\/\/api.w.org\/{rel}","templated":true}]}}