{"id":5822,"date":"2022-01-13T18:26:04","date_gmt":"2022-01-13T18:26:04","guid":{"rendered":"https:\/\/elnesry.com\/?post_type=product&#038;p=5822"},"modified":"2025-10-16T22:36:11","modified_gmt":"2025-10-16T21:36:11","slug":"5822","status":"publish","type":"product","link":"https:\/\/elnesry.com\/fr\/store\/5822\/","title":{"rendered":"Abaya the fearless"},"content":{"rendered":"<p>Abaya casuelle semi ouverte d\u00e9coupe classique d\u00e9contract\u00e9e.<\/p>\n<p>Col tailleur.<\/p>\n<p>La fermeture se fait par 2 boutons en avant.<\/p>\n<p>\u00c9paules tombantes.<\/p>\n<p>D\u00e9tails \u00e0 carreaux sur les manches, les poches et le col<\/p>\n<p>Manches boutonn\u00e9es.<\/p>\n<p>Tailles disponibles :<\/p>\n<p>taille 1 (36 &#8211; 38)<\/p>\n<p>taille 2 (40 &#8211; 42 &#8211; 44)<\/p>\n<p>taille 30 (46 &#8211; 48 &#8211; 50)<\/p>","protected":false},"excerpt":{"rendered":"<p>Abaya casuelle semi ouverte d\u00e9coupe classique d\u00e9contract\u00e9e. Col tailleur. La fermeture se fait par 2 boutons en avant. \u00c9paules tombantes.<\/p>","protected":false},"featured_media":5824,"comment_status":"open","ping_status":"closed","template":"","meta":{"_acf_changed":false},"product_brand":[],"product_cat":[53],"product_tag":[],"class_list":{"0":"post-5822","1":"product","2":"type-product","3":"status-publish","4":"has-post-thumbnail","6":"product_cat-53","8":"first","9":"outofstock","10":"sale","11":"shipping-taxable","12":"purchasable","13":"product-type-variable"},"acf":[],"_links":{"self":[{"href":"https:\/\/elnesry.com\/fr\/wp-json\/wp\/v2\/product\/5822","targetHints":{"allow":["GET"]}}],"collection":[{"href":"https:\/\/elnesry.com\/fr\/wp-json\/wp\/v2\/product"}],"about":[{"href":"https:\/\/elnesry.com\/fr\/wp-json\/wp\/v2\/types\/product"}],"replies":[{"embeddable":true,"href":"https:\/\/elnesry.com\/fr\/wp-json\/wp\/v2\/comments?post=5822"}],"wp:featuredmedia":[{"embeddable":true,"href":"https:\/\/elnesry.com\/fr\/wp-json\/wp\/v2\/media\/5824"}],"wp:attachment":[{"href":"https:\/\/elnesry.com\/fr\/wp-json\/wp\/v2\/media?parent=5822"}],"wp:term":[{"taxonomy":"product_brand","embeddable":true,"href":"https:\/\/elnesry.com\/fr\/wp-json\/wp\/v2\/product_brand?post=5822"},{"taxonomy":"product_cat","embeddable":true,"href":"https:\/\/elnesry.com\/fr\/wp-json\/wp\/v2\/product_cat?post=5822"},{"taxonomy":"product_tag","embeddable":true,"href":"https:\/\/elnesry.com\/fr\/wp-json\/wp\/v2\/product_tag?post=5822"}],"curies":[{"name":"wp","href":"https:\/\/api.w.org\/{rel}","templated":true}]}}