{"id":5831,"date":"2022-01-13T18:58:47","date_gmt":"2022-01-13T18:58:47","guid":{"rendered":"https:\/\/elnesry.com\/?post_type=product&#038;p=5831"},"modified":"2023-12-15T08:24:56","modified_gmt":"2023-12-15T07:24:56","slug":"5831","status":"publish","type":"product","link":"https:\/\/elnesry.com\/fr\/store\/5831\/","title":{"rendered":"Abaya Angel"},"content":{"rendered":"<div class=\"rj1gh0hx buofh1pr j83agx80 l9j0dhe7 cbu4d94t ni8dbmo4 stjgntxs nwf6jgls\">\n<div class=\"buofh1pr j83agx80 eg9m0zos ni8dbmo4 cbu4d94t gok29vw1 isf3ygkp\" data-release-focus-from=\"CLICK\">\n<div id=\"jsc_c_6e\" class=\"ns9esd28 tqkqlopc du4w35lb\" role=\"grid\" data-testid=\"mw_message_list\" aria-label=\"Messages dans la conversation avec Ness Rina\">\n<div class=\"__fb-light-mode l9j0dhe7\" role=\"row\">\n<div class=\"\">\n<div class=\"j83agx80 cbu4d94t l9j0dhe7\" role=\"gridcell\" data-scope=\"messages_table\" data-release-focus-from=\"CLICK\">\n<div class=\"j83agx80\" role=\"none\">\n<div class=\"j83agx80 buofh1pr rl25f0pe o6b9zlra\" role=\"none\" data-testid=\"message-container\">\n<div class=\"ns4p8fja j83agx80 cbu4d94t a6sixzi8 bkfpd7mw a1xu1aao\" role=\"none\">\n<div class=\"j83agx80 k4urcfbm\" role=\"none\">\n<div class=\"j83agx80 cbu4d94t d2edcug0 l9j0dhe7 aovydwv3\">\n<div class=\"j83agx80 k4urcfbm\" role=\"none\">\n<div class=\"cxgpxx05 d1544ag0 sj5x9vvc tw6a2znq l9j0dhe7 ni8dbmo4 stjgntxs e72ty7fz qlfml3jp inkptoze qmr60zad jm1wdb64 qv66sw1b ljqsnud1 odn2s2vf tkr6xdv7\" role=\"none\">\n<div class=\"rq0escxv l9j0dhe7 du4w35lb __fb-light-mode\" role=\"none\">\n<div class=\"ljqsnud1 ii04i59q jq4qci2q g9io39s2\" dir=\"auto\" role=\"none\">Abaya oversized d\u00e9coupe butterfly ouverte avec des manches serr\u00e9es aux poignets orn\u00e9s d&#8217;un d\u00e9tail \u00e9l\u00e9gant.<\/div>\n<div dir=\"auto\" role=\"none\"><\/div>\n<div class=\"ljqsnud1 ii04i59q jq4qci2q g9io39s2\" dir=\"auto\" role=\"none\"><\/div>\n<\/div>\n<\/div>\n<\/div>\n<\/div>\n<\/div>\n<\/div>\n<\/div>\n<\/div>\n<\/div>\n<\/div>\n<\/div>\n<\/div>\n<\/div>\n<\/div>\n<div>\n<div class=\"j83agx80 aovydwv3 pybr56ya f10w8fjw\">\n<div class=\"l9j0dhe7 buofh1pr ni8dbmo4 stjgntxs\">\n<div class=\"buofh1pr j83agx80 flx89l3n dpja2al7\">\n<div class=\"b3i9ofy5 orhb3f3m czkt41v7 fmqxjp7s emzo65vh rq0escxv buofh1pr hpfvmrgz\">\n<div class=\"j83agx80 lhclo0ds bkfpd7mw\">\n<div class=\"j83agx80 buofh1pr nhadk0th ozuftl9m aov4n071 bi6gxh9e hpfvmrgz l9j0dhe7\">\n<div class=\"oo9gr5id lzcic4wl jm1wdb64 l9j0dhe7 gsox5hk5 mdldhsdk ii04i59q buofh1pr tw4czcav cehpxlet hpfvmrgz eg9m0zos notranslate\" role=\"textbox\" aria-describedby=\"jsc_c_9j\" aria-label=\"\u00c9crire un message\" data-lexical-editor=\"true\"><\/div>\n<\/div>\n<\/div>\n<\/div>\n<\/div>\n<\/div>\n<\/div>\n<\/div>","protected":false},"excerpt":{"rendered":"<p>Abaya oversized d\u00e9coupe butterfly ouverte avec des manches serr\u00e9es aux poignets orn\u00e9s d&#8217;un d\u00e9tail \u00e9l\u00e9gant.<\/p>","protected":false},"featured_media":5834,"comment_status":"open","ping_status":"closed","template":"","meta":{"_acf_changed":false},"product_brand":[],"product_cat":[53],"product_tag":[],"class_list":{"0":"post-5831","1":"product","2":"type-product","3":"status-publish","4":"has-post-thumbnail","6":"product_cat-53","8":"first","9":"outofstock","10":"shipping-taxable","11":"purchasable","12":"product-type-simple"},"acf":[],"_links":{"self":[{"href":"https:\/\/elnesry.com\/fr\/wp-json\/wp\/v2\/product\/5831","targetHints":{"allow":["GET"]}}],"collection":[{"href":"https:\/\/elnesry.com\/fr\/wp-json\/wp\/v2\/product"}],"about":[{"href":"https:\/\/elnesry.com\/fr\/wp-json\/wp\/v2\/types\/product"}],"replies":[{"embeddable":true,"href":"https:\/\/elnesry.com\/fr\/wp-json\/wp\/v2\/comments?post=5831"}],"wp:featuredmedia":[{"embeddable":true,"href":"https:\/\/elnesry.com\/fr\/wp-json\/wp\/v2\/media\/5834"}],"wp:attachment":[{"href":"https:\/\/elnesry.com\/fr\/wp-json\/wp\/v2\/media?parent=5831"}],"wp:term":[{"taxonomy":"product_brand","embeddable":true,"href":"https:\/\/elnesry.com\/fr\/wp-json\/wp\/v2\/product_brand?post=5831"},{"taxonomy":"product_cat","embeddable":true,"href":"https:\/\/elnesry.com\/fr\/wp-json\/wp\/v2\/product_cat?post=5831"},{"taxonomy":"product_tag","embeddable":true,"href":"https:\/\/elnesry.com\/fr\/wp-json\/wp\/v2\/product_tag?post=5831"}],"curies":[{"name":"wp","href":"https:\/\/api.w.org\/{rel}","templated":true}]}}