{"id":5839,"date":"2022-01-13T19:10:59","date_gmt":"2022-01-13T18:10:59","guid":{"rendered":"https:\/\/elnesry.com\/?post_type=product&#038;p=5839"},"modified":"2024-04-15T11:14:49","modified_gmt":"2024-04-15T10:14:49","slug":"5839","status":"publish","type":"product","link":"https:\/\/elnesry.com\/fr\/store\/5839\/","title":{"rendered":"abaya finesse"},"content":{"rendered":"<ol>\n<li>Abaya \u00e9vas\u00e9e oversized avec des \u00e9paules tombantes qui peut \u00eatre port\u00e9e ouverte ou ferm\u00e9e gr\u00e2ce aux tiktak invisibles.<\/li>\n<\/ol>","protected":false},"excerpt":{"rendered":"<p style=\"text-align: right\">\u200e<\/p>","protected":false},"featured_media":5841,"comment_status":"open","ping_status":"closed","template":"","meta":{"_acf_changed":false},"product_brand":[],"product_cat":[53],"product_tag":[],"class_list":{"0":"post-5839","1":"product","2":"type-product","3":"status-publish","4":"has-post-thumbnail","6":"product_cat-53","8":"first","9":"outofstock","10":"shipping-taxable","11":"purchasable","12":"product-type-simple"},"acf":[],"_links":{"self":[{"href":"https:\/\/elnesry.com\/fr\/wp-json\/wp\/v2\/product\/5839","targetHints":{"allow":["GET"]}}],"collection":[{"href":"https:\/\/elnesry.com\/fr\/wp-json\/wp\/v2\/product"}],"about":[{"href":"https:\/\/elnesry.com\/fr\/wp-json\/wp\/v2\/types\/product"}],"replies":[{"embeddable":true,"href":"https:\/\/elnesry.com\/fr\/wp-json\/wp\/v2\/comments?post=5839"}],"wp:featuredmedia":[{"embeddable":true,"href":"https:\/\/elnesry.com\/fr\/wp-json\/wp\/v2\/media\/5841"}],"wp:attachment":[{"href":"https:\/\/elnesry.com\/fr\/wp-json\/wp\/v2\/media?parent=5839"}],"wp:term":[{"taxonomy":"product_brand","embeddable":true,"href":"https:\/\/elnesry.com\/fr\/wp-json\/wp\/v2\/product_brand?post=5839"},{"taxonomy":"product_cat","embeddable":true,"href":"https:\/\/elnesry.com\/fr\/wp-json\/wp\/v2\/product_cat?post=5839"},{"taxonomy":"product_tag","embeddable":true,"href":"https:\/\/elnesry.com\/fr\/wp-json\/wp\/v2\/product_tag?post=5839"}],"curies":[{"name":"wp","href":"https:\/\/api.w.org\/{rel}","templated":true}]}}