{"id":6278,"date":"2022-02-24T22:00:11","date_gmt":"2022-02-24T22:00:11","guid":{"rendered":"https:\/\/elnesry.com\/?post_type=product&#038;p=6278"},"modified":"2025-10-16T22:34:53","modified_gmt":"2025-10-16T21:34:53","slug":"robe-lizzy","status":"publish","type":"product","link":"https:\/\/elnesry.com\/fr\/store\/robe-lizzy\/","title":{"rendered":"Robe Lizzy"},"content":{"rendered":"<ul>\n<li>Robe en d\u00e9coupe \u00e9vas\u00e9e avec des manches serr\u00e9es aux poignets et une ceinture pour marquer la taille.<\/li>\n<\/ul>\n<p>Disponible en 2 couleurs : rose et noir.<\/p>\n<p>Toutes les tailles sont disponibles.<\/p>","protected":false},"excerpt":{"rendered":"<p>Robe en d\u00e9coupe \u00e9vas\u00e9e avec des manches serr\u00e9es aux poignets et une ceinture pour marquer la taille. Disponible en 2<\/p>","protected":false},"featured_media":6279,"comment_status":"open","ping_status":"closed","template":"","meta":{"_acf_changed":false},"product_brand":[],"product_cat":[58],"product_tag":[],"class_list":{"0":"post-6278","1":"product","2":"type-product","3":"status-publish","4":"has-post-thumbnail","6":"product_cat-58","8":"first","9":"outofstock","10":"shipping-taxable","11":"purchasable","12":"product-type-variable"},"acf":[],"_links":{"self":[{"href":"https:\/\/elnesry.com\/fr\/wp-json\/wp\/v2\/product\/6278","targetHints":{"allow":["GET"]}}],"collection":[{"href":"https:\/\/elnesry.com\/fr\/wp-json\/wp\/v2\/product"}],"about":[{"href":"https:\/\/elnesry.com\/fr\/wp-json\/wp\/v2\/types\/product"}],"replies":[{"embeddable":true,"href":"https:\/\/elnesry.com\/fr\/wp-json\/wp\/v2\/comments?post=6278"}],"wp:featuredmedia":[{"embeddable":true,"href":"https:\/\/elnesry.com\/fr\/wp-json\/wp\/v2\/media\/6279"}],"wp:attachment":[{"href":"https:\/\/elnesry.com\/fr\/wp-json\/wp\/v2\/media?parent=6278"}],"wp:term":[{"taxonomy":"product_brand","embeddable":true,"href":"https:\/\/elnesry.com\/fr\/wp-json\/wp\/v2\/product_brand?post=6278"},{"taxonomy":"product_cat","embeddable":true,"href":"https:\/\/elnesry.com\/fr\/wp-json\/wp\/v2\/product_cat?post=6278"},{"taxonomy":"product_tag","embeddable":true,"href":"https:\/\/elnesry.com\/fr\/wp-json\/wp\/v2\/product_tag?post=6278"}],"curies":[{"name":"wp","href":"https:\/\/api.w.org\/{rel}","templated":true}]}}