{"id":6398,"date":"2022-03-02T21:04:52","date_gmt":"2022-03-02T20:04:52","guid":{"rendered":"https:\/\/elnesry.com\/?post_type=product&#038;p=6398"},"modified":"2023-12-15T08:25:47","modified_gmt":"2023-12-15T07:25:47","slug":"abaya-orientale","status":"publish","type":"product","link":"https:\/\/elnesry.com\/fr\/store\/abaya-orientale\/","title":{"rendered":"Abaya Orientale"},"content":{"rendered":"<p>Une jolie abaya pour les amoureuses du style oriental \u00e9l\u00e9gant. Elle peut etre port\u00e9e en soir\u00e9es comme au quotidien. Chic et moderne; elle plaira a celle qui aiment une touche orientale dans leur tenue vestimentaire.<\/p>\n<p>Disponible en une seule couleur.<\/p>","protected":false},"excerpt":{"rendered":"<p>Une jolie abaya pour les amoureuses du style oriental \u00e9l\u00e9gant. Elle peut etre port\u00e9e en soir\u00e9es comme au quotidien. Chic<\/p>","protected":false},"featured_media":6399,"comment_status":"open","ping_status":"closed","template":"","meta":{"_acf_changed":false},"product_brand":[],"product_cat":[53],"product_tag":[],"class_list":{"0":"post-6398","1":"product","2":"type-product","3":"status-publish","4":"has-post-thumbnail","6":"product_cat-53","8":"first","9":"outofstock","10":"shipping-taxable","11":"purchasable","12":"product-type-variable"},"acf":[],"_links":{"self":[{"href":"https:\/\/elnesry.com\/fr\/wp-json\/wp\/v2\/product\/6398","targetHints":{"allow":["GET"]}}],"collection":[{"href":"https:\/\/elnesry.com\/fr\/wp-json\/wp\/v2\/product"}],"about":[{"href":"https:\/\/elnesry.com\/fr\/wp-json\/wp\/v2\/types\/product"}],"replies":[{"embeddable":true,"href":"https:\/\/elnesry.com\/fr\/wp-json\/wp\/v2\/comments?post=6398"}],"wp:featuredmedia":[{"embeddable":true,"href":"https:\/\/elnesry.com\/fr\/wp-json\/wp\/v2\/media\/6399"}],"wp:attachment":[{"href":"https:\/\/elnesry.com\/fr\/wp-json\/wp\/v2\/media?parent=6398"}],"wp:term":[{"taxonomy":"product_brand","embeddable":true,"href":"https:\/\/elnesry.com\/fr\/wp-json\/wp\/v2\/product_brand?post=6398"},{"taxonomy":"product_cat","embeddable":true,"href":"https:\/\/elnesry.com\/fr\/wp-json\/wp\/v2\/product_cat?post=6398"},{"taxonomy":"product_tag","embeddable":true,"href":"https:\/\/elnesry.com\/fr\/wp-json\/wp\/v2\/product_tag?post=6398"}],"curies":[{"name":"wp","href":"https:\/\/api.w.org\/{rel}","templated":true}]}}