{"id":6441,"date":"2022-03-06T22:12:06","date_gmt":"2022-03-06T21:12:06","guid":{"rendered":"https:\/\/elnesry.com\/?post_type=product&#038;p=6441"},"modified":"2023-12-15T08:25:50","modified_gmt":"2023-12-15T07:25:50","slug":"abaya-finesse-verte","status":"publish","type":"product","link":"https:\/\/elnesry.com\/fr\/store\/abaya-finesse-verte\/","title":{"rendered":"abaya finesse verte"},"content":{"rendered":"<p>Abaya \u00e9vas\u00e9e oversized avec des \u00e9paules tombantes, peut \u00eatre port\u00e9e ouverte ou ferm\u00e9e gr\u00e2ce aux tiktak invisibles.<\/p>","protected":false},"excerpt":{"rendered":"<p><!--more--><\/p>","protected":false},"featured_media":6442,"comment_status":"open","ping_status":"closed","template":"","meta":{"_acf_changed":false},"product_brand":[],"product_cat":[53],"product_tag":[],"class_list":{"0":"post-6441","1":"product","2":"type-product","3":"status-publish","4":"has-post-thumbnail","6":"product_cat-53","8":"first","9":"outofstock","10":"sold-individually","11":"shipping-taxable","12":"purchasable","13":"product-type-simple"},"acf":[],"_links":{"self":[{"href":"https:\/\/elnesry.com\/fr\/wp-json\/wp\/v2\/product\/6441","targetHints":{"allow":["GET"]}}],"collection":[{"href":"https:\/\/elnesry.com\/fr\/wp-json\/wp\/v2\/product"}],"about":[{"href":"https:\/\/elnesry.com\/fr\/wp-json\/wp\/v2\/types\/product"}],"replies":[{"embeddable":true,"href":"https:\/\/elnesry.com\/fr\/wp-json\/wp\/v2\/comments?post=6441"}],"wp:featuredmedia":[{"embeddable":true,"href":"https:\/\/elnesry.com\/fr\/wp-json\/wp\/v2\/media\/6442"}],"wp:attachment":[{"href":"https:\/\/elnesry.com\/fr\/wp-json\/wp\/v2\/media?parent=6441"}],"wp:term":[{"taxonomy":"product_brand","embeddable":true,"href":"https:\/\/elnesry.com\/fr\/wp-json\/wp\/v2\/product_brand?post=6441"},{"taxonomy":"product_cat","embeddable":true,"href":"https:\/\/elnesry.com\/fr\/wp-json\/wp\/v2\/product_cat?post=6441"},{"taxonomy":"product_tag","embeddable":true,"href":"https:\/\/elnesry.com\/fr\/wp-json\/wp\/v2\/product_tag?post=6441"}],"curies":[{"name":"wp","href":"https:\/\/api.w.org\/{rel}","templated":true}]}}