{"id":7325,"date":"2022-04-15T22:21:49","date_gmt":"2022-04-15T22:21:49","guid":{"rendered":"https:\/\/elnesry.com\/?post_type=product&#038;p=7325"},"modified":"2023-12-15T08:26:51","modified_gmt":"2023-12-15T07:26:51","slug":"abaya-organza","status":"publish","type":"product","link":"https:\/\/elnesry.com\/fr\/store\/abaya-organza\/","title":{"rendered":"Abaya Organza"},"content":{"rendered":"<p>Pour l&#8217;aid, pour vos occasion ou vos petits \u00e9v\u00e9nements. Abaya tr\u00e8s originale confectionn\u00e9e dans un tissu de haute gamme et des manches en organza d&#8217;une qualit\u00e9 exceptionnelle.<\/p>\n<p>Disponible en une seule couleur et en toutes tailles<\/p>","protected":false},"excerpt":{"rendered":"<p>Pour l&#8217;aid, pour vos occasion ou vos petits \u00e9v\u00e9nements. Abaya tr\u00e8s originale confectionn\u00e9e dans un tissu de haute gamme et<\/p>","protected":false},"featured_media":7326,"comment_status":"open","ping_status":"closed","template":"","meta":{"_acf_changed":false},"product_brand":[],"product_cat":[53],"product_tag":[],"class_list":{"0":"post-7325","1":"product","2":"type-product","3":"status-publish","4":"has-post-thumbnail","6":"product_cat-53","8":"first","9":"outofstock","10":"shipping-taxable","11":"purchasable","12":"product-type-variable"},"acf":[],"_links":{"self":[{"href":"https:\/\/elnesry.com\/fr\/wp-json\/wp\/v2\/product\/7325","targetHints":{"allow":["GET"]}}],"collection":[{"href":"https:\/\/elnesry.com\/fr\/wp-json\/wp\/v2\/product"}],"about":[{"href":"https:\/\/elnesry.com\/fr\/wp-json\/wp\/v2\/types\/product"}],"replies":[{"embeddable":true,"href":"https:\/\/elnesry.com\/fr\/wp-json\/wp\/v2\/comments?post=7325"}],"wp:featuredmedia":[{"embeddable":true,"href":"https:\/\/elnesry.com\/fr\/wp-json\/wp\/v2\/media\/7326"}],"wp:attachment":[{"href":"https:\/\/elnesry.com\/fr\/wp-json\/wp\/v2\/media?parent=7325"}],"wp:term":[{"taxonomy":"product_brand","embeddable":true,"href":"https:\/\/elnesry.com\/fr\/wp-json\/wp\/v2\/product_brand?post=7325"},{"taxonomy":"product_cat","embeddable":true,"href":"https:\/\/elnesry.com\/fr\/wp-json\/wp\/v2\/product_cat?post=7325"},{"taxonomy":"product_tag","embeddable":true,"href":"https:\/\/elnesry.com\/fr\/wp-json\/wp\/v2\/product_tag?post=7325"}],"curies":[{"name":"wp","href":"https:\/\/api.w.org\/{rel}","templated":true}]}}