{"id":7341,"date":"2022-04-15T22:41:25","date_gmt":"2022-04-15T22:41:25","guid":{"rendered":"https:\/\/elnesry.com\/?post_type=product&#038;p=7341"},"modified":"2023-12-15T08:26:52","modified_gmt":"2023-12-15T07:26:52","slug":"duo-en-soie-mauve","status":"publish","type":"product","link":"https:\/\/elnesry.com\/fr\/store\/duo-en-soie-mauve\/","title":{"rendered":"Duo en soie (mauve)"},"content":{"rendered":"<ul>\n<li>Robe longue a l&#8217;imprim\u00e9 fleuri; confectionn\u00e9e en tissu de meilleure qualit\u00e9. Peut \u00eatre port\u00e9e en toutes occasions et aussi pour vos petits \u00e9v\u00e9nements.<br \/>\nCoupe \u00e9vas\u00e9e en bas et des manches bouillonn\u00e9es; avec abaya ou sans; cette robe est une master pi\u00e8ce dans cette saison printani\u00e8re.<\/li>\n<\/ul>\n<p>Disponible en 2 couleurs ( mauve \/ vert) et en toutes tailles.<\/p>","protected":false},"excerpt":{"rendered":"<p>Robe longue a l&#8217;imprim\u00e9 fleuri; confectionn\u00e9e en tissu de meilleure qualit\u00e9. Peut \u00eatre port\u00e9e en toutes occasions et aussi pour<\/p>","protected":false},"featured_media":7342,"comment_status":"open","ping_status":"closed","template":"","meta":{"_acf_changed":false},"product_brand":[],"product_cat":[53,58],"product_tag":[],"class_list":{"0":"post-7341","1":"product","2":"type-product","3":"status-publish","4":"has-post-thumbnail","6":"product_cat-53","7":"product_cat-58","9":"first","10":"outofstock","11":"shipping-taxable","12":"purchasable","13":"product-type-variable"},"acf":[],"_links":{"self":[{"href":"https:\/\/elnesry.com\/fr\/wp-json\/wp\/v2\/product\/7341","targetHints":{"allow":["GET"]}}],"collection":[{"href":"https:\/\/elnesry.com\/fr\/wp-json\/wp\/v2\/product"}],"about":[{"href":"https:\/\/elnesry.com\/fr\/wp-json\/wp\/v2\/types\/product"}],"replies":[{"embeddable":true,"href":"https:\/\/elnesry.com\/fr\/wp-json\/wp\/v2\/comments?post=7341"}],"wp:featuredmedia":[{"embeddable":true,"href":"https:\/\/elnesry.com\/fr\/wp-json\/wp\/v2\/media\/7342"}],"wp:attachment":[{"href":"https:\/\/elnesry.com\/fr\/wp-json\/wp\/v2\/media?parent=7341"}],"wp:term":[{"taxonomy":"product_brand","embeddable":true,"href":"https:\/\/elnesry.com\/fr\/wp-json\/wp\/v2\/product_brand?post=7341"},{"taxonomy":"product_cat","embeddable":true,"href":"https:\/\/elnesry.com\/fr\/wp-json\/wp\/v2\/product_cat?post=7341"},{"taxonomy":"product_tag","embeddable":true,"href":"https:\/\/elnesry.com\/fr\/wp-json\/wp\/v2\/product_tag?post=7341"}],"curies":[{"name":"wp","href":"https:\/\/api.w.org\/{rel}","templated":true}]}}