{"id":7358,"date":"2022-04-15T22:46:41","date_gmt":"2022-04-15T22:46:41","guid":{"rendered":"https:\/\/elnesry.com\/?post_type=product&#038;p=7358"},"modified":"2023-12-15T08:26:04","modified_gmt":"2023-12-15T07:26:04","slug":"duo-fleuri-rouge","status":"publish","type":"product","link":"https:\/\/elnesry.com\/fr\/store\/duo-fleuri-rouge\/","title":{"rendered":"Duo fleuri (rouge)"},"content":{"rendered":"<p>&nbsp;<\/p>\n<hr \/>\n<p>Robe longue a l&#8217;imprim\u00e9 fleuri; confectionn\u00e9e en tissu de haute qualit\u00e9.<br \/>\nCoupe \u00e9vas\u00e9e en bas et des manches bouillonn\u00e9es; id\u00e9ale pour vos occasions et vos soir\u00e9es printani\u00e8res et peut \u00eatre port\u00e9e seule ou avec une Abaya.<\/p>\n<p>Disponible en 2 couleurs ( rouge \/ jaune).<\/p>","protected":false},"excerpt":{"rendered":"<p>&nbsp; Robe longue a l&#8217;imprim\u00e9 fleuri; confectionn\u00e9e en tissu de haute qualit\u00e9. Coupe \u00e9vas\u00e9e en bas et des manches bouillonn\u00e9es;<\/p>","protected":false},"featured_media":7313,"comment_status":"open","ping_status":"closed","template":"","meta":{"_acf_changed":false},"product_brand":[],"product_cat":[53,58],"product_tag":[],"class_list":{"0":"post-7358","1":"product","2":"type-product","3":"status-publish","4":"has-post-thumbnail","6":"product_cat-53","7":"product_cat-58","9":"first","10":"outofstock","11":"shipping-taxable","12":"purchasable","13":"product-type-variable"},"acf":[],"_links":{"self":[{"href":"https:\/\/elnesry.com\/fr\/wp-json\/wp\/v2\/product\/7358","targetHints":{"allow":["GET"]}}],"collection":[{"href":"https:\/\/elnesry.com\/fr\/wp-json\/wp\/v2\/product"}],"about":[{"href":"https:\/\/elnesry.com\/fr\/wp-json\/wp\/v2\/types\/product"}],"replies":[{"embeddable":true,"href":"https:\/\/elnesry.com\/fr\/wp-json\/wp\/v2\/comments?post=7358"}],"wp:featuredmedia":[{"embeddable":true,"href":"https:\/\/elnesry.com\/fr\/wp-json\/wp\/v2\/media\/7313"}],"wp:attachment":[{"href":"https:\/\/elnesry.com\/fr\/wp-json\/wp\/v2\/media?parent=7358"}],"wp:term":[{"taxonomy":"product_brand","embeddable":true,"href":"https:\/\/elnesry.com\/fr\/wp-json\/wp\/v2\/product_brand?post=7358"},{"taxonomy":"product_cat","embeddable":true,"href":"https:\/\/elnesry.com\/fr\/wp-json\/wp\/v2\/product_cat?post=7358"},{"taxonomy":"product_tag","embeddable":true,"href":"https:\/\/elnesry.com\/fr\/wp-json\/wp\/v2\/product_tag?post=7358"}],"curies":[{"name":"wp","href":"https:\/\/api.w.org\/{rel}","templated":true}]}}