{"id":7460,"date":"2022-04-19T12:41:43","date_gmt":"2022-04-19T11:41:43","guid":{"rendered":"https:\/\/elnesry.com\/?post_type=product&#038;p=7460"},"modified":"2025-08-13T15:38:40","modified_gmt":"2025-08-13T14:38:40","slug":"abaya-mavi-dark","status":"publish","type":"product","link":"https:\/\/elnesry.com\/fr\/store\/abaya-mavi-dark\/","title":{"rendered":"Abaya Mavi dark"},"content":{"rendered":"<p style=\"text-align: center\">Con\u00e7ue dans un tissu opaque et fluide; Abaya Mavi vous apporte une sensation de confort et de bien-\u00eatre au mois sacr\u00e9 de Ramadan, avec un d\u00e9tails sublime le long de la abaya, sur les manches et les \u00e9paules. elle se porte ferm\u00e9e grace aux boutons invisibles.<\/p>\n<p>Disponible en une seule couleur et en toutes tailles.<\/p>","protected":false},"excerpt":{"rendered":"<p>Con\u00e7ue dans un tissu opaque et fluide; Abaya Mavi vous apporte une sensation de confort et de bien-\u00eatre au mois<\/p>","protected":false},"featured_media":7464,"comment_status":"open","ping_status":"closed","template":"","meta":{"_acf_changed":false},"product_brand":[],"product_cat":[53],"product_tag":[],"class_list":{"0":"post-7460","1":"product","2":"type-product","3":"status-publish","4":"has-post-thumbnail","6":"product_cat-53","8":"first","9":"outofstock","10":"sale","11":"shipping-taxable","12":"purchasable","13":"product-type-variable"},"acf":[],"_links":{"self":[{"href":"https:\/\/elnesry.com\/fr\/wp-json\/wp\/v2\/product\/7460","targetHints":{"allow":["GET"]}}],"collection":[{"href":"https:\/\/elnesry.com\/fr\/wp-json\/wp\/v2\/product"}],"about":[{"href":"https:\/\/elnesry.com\/fr\/wp-json\/wp\/v2\/types\/product"}],"replies":[{"embeddable":true,"href":"https:\/\/elnesry.com\/fr\/wp-json\/wp\/v2\/comments?post=7460"}],"wp:featuredmedia":[{"embeddable":true,"href":"https:\/\/elnesry.com\/fr\/wp-json\/wp\/v2\/media\/7464"}],"wp:attachment":[{"href":"https:\/\/elnesry.com\/fr\/wp-json\/wp\/v2\/media?parent=7460"}],"wp:term":[{"taxonomy":"product_brand","embeddable":true,"href":"https:\/\/elnesry.com\/fr\/wp-json\/wp\/v2\/product_brand?post=7460"},{"taxonomy":"product_cat","embeddable":true,"href":"https:\/\/elnesry.com\/fr\/wp-json\/wp\/v2\/product_cat?post=7460"},{"taxonomy":"product_tag","embeddable":true,"href":"https:\/\/elnesry.com\/fr\/wp-json\/wp\/v2\/product_tag?post=7460"}],"curies":[{"name":"wp","href":"https:\/\/api.w.org\/{rel}","templated":true}]}}