{"id":8076,"date":"2022-06-03T15:49:28","date_gmt":"2022-06-03T14:49:28","guid":{"rendered":"https:\/\/elnesry.com\/?post_type=product&#038;p=8076"},"modified":"2025-04-02T18:12:30","modified_gmt":"2025-04-02T17:12:30","slug":"flower-maxi-kimono","status":"publish","type":"product","link":"https:\/\/elnesry.com\/fr\/store\/flower-maxi-kimono\/","title":{"rendered":"Flower Maxi Kimono"},"content":{"rendered":"<p>Kimono mi-long (110cm de longueur) se porte ouvert, con\u00e7u avec un tissu imprim\u00e9 a petites fleurs, fluide et opaque convenable pour la saison estivale. \u00c9paules tombantes; manches longues.<\/p>\n<p>Disponible en une seule couleur et en toutes tailles.<\/p>","protected":false},"excerpt":{"rendered":"<p>Kimono mi-long (110cm de longueur) se porte ouvert, con\u00e7u avec un tissu imprim\u00e9 a petites fleurs, fluide et opaque convenable<\/p>","protected":false},"featured_media":8077,"comment_status":"open","ping_status":"closed","template":"","meta":{"_acf_changed":false},"product_brand":[],"product_cat":[56],"product_tag":[],"class_list":{"0":"post-8076","1":"product","2":"type-product","3":"status-publish","4":"has-post-thumbnail","6":"product_cat-56","8":"first","9":"instock","10":"sale","11":"shipping-taxable","12":"purchasable","13":"product-type-variable"},"acf":[],"_links":{"self":[{"href":"https:\/\/elnesry.com\/fr\/wp-json\/wp\/v2\/product\/8076","targetHints":{"allow":["GET"]}}],"collection":[{"href":"https:\/\/elnesry.com\/fr\/wp-json\/wp\/v2\/product"}],"about":[{"href":"https:\/\/elnesry.com\/fr\/wp-json\/wp\/v2\/types\/product"}],"replies":[{"embeddable":true,"href":"https:\/\/elnesry.com\/fr\/wp-json\/wp\/v2\/comments?post=8076"}],"wp:featuredmedia":[{"embeddable":true,"href":"https:\/\/elnesry.com\/fr\/wp-json\/wp\/v2\/media\/8077"}],"wp:attachment":[{"href":"https:\/\/elnesry.com\/fr\/wp-json\/wp\/v2\/media?parent=8076"}],"wp:term":[{"taxonomy":"product_brand","embeddable":true,"href":"https:\/\/elnesry.com\/fr\/wp-json\/wp\/v2\/product_brand?post=8076"},{"taxonomy":"product_cat","embeddable":true,"href":"https:\/\/elnesry.com\/fr\/wp-json\/wp\/v2\/product_cat?post=8076"},{"taxonomy":"product_tag","embeddable":true,"href":"https:\/\/elnesry.com\/fr\/wp-json\/wp\/v2\/product_tag?post=8076"}],"curies":[{"name":"wp","href":"https:\/\/api.w.org\/{rel}","templated":true}]}}