{"id":8107,"date":"2022-06-03T16:38:53","date_gmt":"2022-06-03T15:38:53","guid":{"rendered":"https:\/\/elnesry.com\/?post_type=product&#038;p=8107"},"modified":"2025-08-07T20:35:49","modified_gmt":"2025-08-07T19:35:49","slug":"basic-modest-swimwear","status":"publish","type":"product","link":"https:\/\/elnesry.com\/fr\/store\/basic-modest-swimwear\/","title":{"rendered":"Basic Modest Swimwear"},"content":{"rendered":"<p>Maillot de bain compos\u00e9 de 3 pi\u00e8ces : une tunique longue et \u00e9vas\u00e9e, un legging de bain et un bonnet de bain.<\/p>\n<p>L&#8217;ensemble de bain est confortable et facile \u00e0 porter convenable pour une baignade et toutes activit\u00e9s aquatiques.<\/p>\n<p>Confectionn\u00e9 dans un tissu opaque et a s\u00e9chage rapide id\u00e9al pour une utilisation en piscine ou \u00e0 la plage.<\/p>\n<p>Disponible en une seule couleur et en toutes tailles.<\/p>","protected":false},"excerpt":{"rendered":"<p>Maillot de bain compos\u00e9 de 3 pi\u00e8ces : une tunique longue et \u00e9vas\u00e9e, un legging de bain et un bonnet<\/p>","protected":false},"featured_media":8111,"comment_status":"open","ping_status":"closed","template":"","meta":{"_acf_changed":false},"product_brand":[],"product_cat":[70],"product_tag":[],"class_list":{"0":"post-8107","1":"product","2":"type-product","3":"status-publish","4":"has-post-thumbnail","6":"product_cat-70","8":"first","9":"instock","10":"shipping-taxable","11":"purchasable","12":"product-type-variable"},"acf":[],"_links":{"self":[{"href":"https:\/\/elnesry.com\/fr\/wp-json\/wp\/v2\/product\/8107","targetHints":{"allow":["GET"]}}],"collection":[{"href":"https:\/\/elnesry.com\/fr\/wp-json\/wp\/v2\/product"}],"about":[{"href":"https:\/\/elnesry.com\/fr\/wp-json\/wp\/v2\/types\/product"}],"replies":[{"embeddable":true,"href":"https:\/\/elnesry.com\/fr\/wp-json\/wp\/v2\/comments?post=8107"}],"wp:featuredmedia":[{"embeddable":true,"href":"https:\/\/elnesry.com\/fr\/wp-json\/wp\/v2\/media\/8111"}],"wp:attachment":[{"href":"https:\/\/elnesry.com\/fr\/wp-json\/wp\/v2\/media?parent=8107"}],"wp:term":[{"taxonomy":"product_brand","embeddable":true,"href":"https:\/\/elnesry.com\/fr\/wp-json\/wp\/v2\/product_brand?post=8107"},{"taxonomy":"product_cat","embeddable":true,"href":"https:\/\/elnesry.com\/fr\/wp-json\/wp\/v2\/product_cat?post=8107"},{"taxonomy":"product_tag","embeddable":true,"href":"https:\/\/elnesry.com\/fr\/wp-json\/wp\/v2\/product_tag?post=8107"}],"curies":[{"name":"wp","href":"https:\/\/api.w.org\/{rel}","templated":true}]}}