{"id":8143,"date":"2022-06-03T17:42:01","date_gmt":"2022-06-03T17:42:01","guid":{"rendered":"https:\/\/elnesry.com\/?post_type=product&#038;p=8143"},"modified":"2025-04-06T17:13:38","modified_gmt":"2025-04-06T16:13:38","slug":"robe-hijab-new","status":"publish","type":"product","link":"https:\/\/elnesry.com\/fr\/store\/robe-hijab-new\/","title":{"rendered":"Robe Hijab -New-"},"content":{"rendered":"<p>Abaya ferm\u00e9e avec un tissu fluide et agr\u00e9able; id\u00e9ale pour la mi-saison. Orn\u00e9 par un d\u00e9tail simple et \u00e9l\u00e9gant.<\/p>\n<p>Disponible en deux couleurs (bleu fonc\u00e9\/mauve fonc\u00e9)<\/p>","protected":false},"excerpt":{"rendered":"<p>Abaya ferm\u00e9e avec un tissu fluide et agr\u00e9able; id\u00e9ale pour la mi-saison. Orn\u00e9 par un d\u00e9tail simple et \u00e9l\u00e9gant. Disponible<\/p>","protected":false},"featured_media":8146,"comment_status":"open","ping_status":"closed","template":"","meta":{"_acf_changed":false},"product_brand":[],"product_cat":[58],"product_tag":[],"class_list":{"0":"post-8143","1":"product","2":"type-product","3":"status-publish","4":"has-post-thumbnail","6":"product_cat-58","8":"first","9":"instock","10":"sale","11":"shipping-taxable","12":"purchasable","13":"product-type-variable"},"acf":[],"_links":{"self":[{"href":"https:\/\/elnesry.com\/fr\/wp-json\/wp\/v2\/product\/8143","targetHints":{"allow":["GET"]}}],"collection":[{"href":"https:\/\/elnesry.com\/fr\/wp-json\/wp\/v2\/product"}],"about":[{"href":"https:\/\/elnesry.com\/fr\/wp-json\/wp\/v2\/types\/product"}],"replies":[{"embeddable":true,"href":"https:\/\/elnesry.com\/fr\/wp-json\/wp\/v2\/comments?post=8143"}],"wp:featuredmedia":[{"embeddable":true,"href":"https:\/\/elnesry.com\/fr\/wp-json\/wp\/v2\/media\/8146"}],"wp:attachment":[{"href":"https:\/\/elnesry.com\/fr\/wp-json\/wp\/v2\/media?parent=8143"}],"wp:term":[{"taxonomy":"product_brand","embeddable":true,"href":"https:\/\/elnesry.com\/fr\/wp-json\/wp\/v2\/product_brand?post=8143"},{"taxonomy":"product_cat","embeddable":true,"href":"https:\/\/elnesry.com\/fr\/wp-json\/wp\/v2\/product_cat?post=8143"},{"taxonomy":"product_tag","embeddable":true,"href":"https:\/\/elnesry.com\/fr\/wp-json\/wp\/v2\/product_tag?post=8143"}],"curies":[{"name":"wp","href":"https:\/\/api.w.org\/{rel}","templated":true}]}}