{"id":9017,"date":"2022-08-11T22:45:05","date_gmt":"2022-08-11T21:45:05","guid":{"rendered":"https:\/\/elnesry.com\/?post_type=product&#038;p=9017"},"modified":"2025-07-23T12:25:25","modified_gmt":"2025-07-23T11:25:25","slug":"modest-swimwear","status":"publish","type":"product","link":"https:\/\/elnesry.com\/fr\/store\/modest-swimwear\/","title":{"rendered":"Modest Swimwear"},"content":{"rendered":"<p>&nbsp;<\/p>\n<p>Un maillot de bain compos\u00e9 de 3 pi\u00e8ces (tunique mi-longue &#8211; legging de bain &#8211; bonnet de bain) confortable et facile \u00e0 porter pour une baignade ou toutes activit\u00e9s aquatiques. Confectionn\u00e9 dans un tissu opaque qui ne se colle pas au corps mouill\u00e9.<\/p>\n<p>Disponible en toute taille et en une seule couleur<\/p>","protected":false},"excerpt":{"rendered":"<p>&nbsp; Un maillot de bain compos\u00e9 de 3 pi\u00e8ces (tunique mi-longue &#8211; legging de bain &#8211; bonnet de bain) confortable<\/p>","protected":false},"featured_media":9018,"comment_status":"open","ping_status":"closed","template":"","meta":{"_acf_changed":false},"product_brand":[],"product_cat":[70],"product_tag":[],"class_list":{"0":"post-9017","1":"product","2":"type-product","3":"status-publish","4":"has-post-thumbnail","6":"product_cat-70","8":"first","9":"instock","10":"sale","11":"shipping-taxable","12":"purchasable","13":"product-type-variable"},"acf":[],"_links":{"self":[{"href":"https:\/\/elnesry.com\/fr\/wp-json\/wp\/v2\/product\/9017","targetHints":{"allow":["GET"]}}],"collection":[{"href":"https:\/\/elnesry.com\/fr\/wp-json\/wp\/v2\/product"}],"about":[{"href":"https:\/\/elnesry.com\/fr\/wp-json\/wp\/v2\/types\/product"}],"replies":[{"embeddable":true,"href":"https:\/\/elnesry.com\/fr\/wp-json\/wp\/v2\/comments?post=9017"}],"wp:featuredmedia":[{"embeddable":true,"href":"https:\/\/elnesry.com\/fr\/wp-json\/wp\/v2\/media\/9018"}],"wp:attachment":[{"href":"https:\/\/elnesry.com\/fr\/wp-json\/wp\/v2\/media?parent=9017"}],"wp:term":[{"taxonomy":"product_brand","embeddable":true,"href":"https:\/\/elnesry.com\/fr\/wp-json\/wp\/v2\/product_brand?post=9017"},{"taxonomy":"product_cat","embeddable":true,"href":"https:\/\/elnesry.com\/fr\/wp-json\/wp\/v2\/product_cat?post=9017"},{"taxonomy":"product_tag","embeddable":true,"href":"https:\/\/elnesry.com\/fr\/wp-json\/wp\/v2\/product_tag?post=9017"}],"curies":[{"name":"wp","href":"https:\/\/api.w.org\/{rel}","templated":true}]}}