{"id":9141,"date":"2022-09-02T16:09:29","date_gmt":"2022-09-02T15:09:29","guid":{"rendered":"https:\/\/elnesry.com\/?post_type=product&#038;p=9141"},"modified":"2025-05-03T11:06:21","modified_gmt":"2025-05-03T10:06:21","slug":"abaya-the-unique-bleu","status":"publish","type":"product","link":"https:\/\/elnesry.com\/fr\/store\/abaya-the-unique-bleu\/","title":{"rendered":"Abaya The Unique &#8211; Bleu &#8211;"},"content":{"rendered":"<p>Abaya coupe oversize qui cache la silhouette du corps, id\u00e9ale pour vos journ\u00e9es charg\u00e9es et vous apporte une sensation classe et \u00e9l\u00e9gante tout en \u00e9tant Mastoura.<br \/>\nDisponible en 3 couleurs et en toutes tailles.<\/p>\n<p>Prix de l&#8217;Abaya : 4200da<\/p>\n<p>Prix du fourlard : 1000da<\/p>","protected":false},"excerpt":{"rendered":"<p>Abaya coupe oversize qui cache la silhouette du corps, id\u00e9ale pour vos journ\u00e9es charg\u00e9es et vous apporte une sensation classe<\/p>","protected":false},"featured_media":9192,"comment_status":"open","ping_status":"closed","template":"","meta":{"_acf_changed":false},"product_brand":[],"product_cat":[53],"product_tag":[],"class_list":{"0":"post-9141","1":"product","2":"type-product","3":"status-publish","4":"has-post-thumbnail","6":"product_cat-53","8":"first","9":"outofstock","10":"shipping-taxable","11":"purchasable","12":"product-type-variable"},"acf":[],"_links":{"self":[{"href":"https:\/\/elnesry.com\/fr\/wp-json\/wp\/v2\/product\/9141","targetHints":{"allow":["GET"]}}],"collection":[{"href":"https:\/\/elnesry.com\/fr\/wp-json\/wp\/v2\/product"}],"about":[{"href":"https:\/\/elnesry.com\/fr\/wp-json\/wp\/v2\/types\/product"}],"replies":[{"embeddable":true,"href":"https:\/\/elnesry.com\/fr\/wp-json\/wp\/v2\/comments?post=9141"}],"wp:featuredmedia":[{"embeddable":true,"href":"https:\/\/elnesry.com\/fr\/wp-json\/wp\/v2\/media\/9192"}],"wp:attachment":[{"href":"https:\/\/elnesry.com\/fr\/wp-json\/wp\/v2\/media?parent=9141"}],"wp:term":[{"taxonomy":"product_brand","embeddable":true,"href":"https:\/\/elnesry.com\/fr\/wp-json\/wp\/v2\/product_brand?post=9141"},{"taxonomy":"product_cat","embeddable":true,"href":"https:\/\/elnesry.com\/fr\/wp-json\/wp\/v2\/product_cat?post=9141"},{"taxonomy":"product_tag","embeddable":true,"href":"https:\/\/elnesry.com\/fr\/wp-json\/wp\/v2\/product_tag?post=9141"}],"curies":[{"name":"wp","href":"https:\/\/api.w.org\/{rel}","templated":true}]}}