{"id":9153,"date":"2022-09-02T16:33:40","date_gmt":"2022-09-02T15:33:40","guid":{"rendered":"https:\/\/elnesry.com\/?post_type=product&#038;p=9153"},"modified":"2025-10-17T21:31:49","modified_gmt":"2025-10-17T20:31:49","slug":"abaya-angelic","status":"publish","type":"product","link":"https:\/\/elnesry.com\/fr\/store\/abaya-angelic\/","title":{"rendered":"Abaya Angelic"},"content":{"rendered":"<p>Optez pour cette abaya boutonn\u00e9e qui peut \u00eatre port\u00e9e ouverte ou ferm\u00e9e gr\u00e2ce aux tiktak invisibles. Une abaya id\u00e9ale pour toute femme cherchant \u00e0 \u00eatre \u00e9l\u00e9gante et Mastoura.<br \/>\nManches \u00e9lastiques aux poignets.<br \/>\nRobe droite disponible.<br \/>\nDisponible en une seule couleur et en toutes tailles.<\/p>","protected":false},"excerpt":{"rendered":"<p>Optez pour cette abaya boutonn\u00e9e qui peut \u00eatre port\u00e9e ouverte ou ferm\u00e9e gr\u00e2ce aux tiktak invisibles. Une abaya id\u00e9ale pour<\/p>","protected":false},"featured_media":9202,"comment_status":"open","ping_status":"closed","template":"","meta":{"_acf_changed":false},"product_brand":[],"product_cat":[128,53],"product_tag":[],"class_list":{"0":"post-9153","1":"product","2":"type-product","3":"status-publish","4":"has-post-thumbnail","6":"product_cat-destockage","7":"product_cat-53","9":"first","10":"instock","11":"sale","12":"shipping-taxable","13":"purchasable","14":"product-type-variable"},"acf":[],"_links":{"self":[{"href":"https:\/\/elnesry.com\/fr\/wp-json\/wp\/v2\/product\/9153","targetHints":{"allow":["GET"]}}],"collection":[{"href":"https:\/\/elnesry.com\/fr\/wp-json\/wp\/v2\/product"}],"about":[{"href":"https:\/\/elnesry.com\/fr\/wp-json\/wp\/v2\/types\/product"}],"replies":[{"embeddable":true,"href":"https:\/\/elnesry.com\/fr\/wp-json\/wp\/v2\/comments?post=9153"}],"wp:featuredmedia":[{"embeddable":true,"href":"https:\/\/elnesry.com\/fr\/wp-json\/wp\/v2\/media\/9202"}],"wp:attachment":[{"href":"https:\/\/elnesry.com\/fr\/wp-json\/wp\/v2\/media?parent=9153"}],"wp:term":[{"taxonomy":"product_brand","embeddable":true,"href":"https:\/\/elnesry.com\/fr\/wp-json\/wp\/v2\/product_brand?post=9153"},{"taxonomy":"product_cat","embeddable":true,"href":"https:\/\/elnesry.com\/fr\/wp-json\/wp\/v2\/product_cat?post=9153"},{"taxonomy":"product_tag","embeddable":true,"href":"https:\/\/elnesry.com\/fr\/wp-json\/wp\/v2\/product_tag?post=9153"}],"curies":[{"name":"wp","href":"https:\/\/api.w.org\/{rel}","templated":true}]}}