{"id":9172,"date":"2022-09-02T16:58:38","date_gmt":"2022-09-02T15:58:38","guid":{"rendered":"https:\/\/elnesry.com\/?post_type=product&#038;p=9172"},"modified":"2025-10-16T22:28:55","modified_gmt":"2025-10-16T21:28:55","slug":"abaya-charm","status":"publish","type":"product","link":"https:\/\/elnesry.com\/fr\/store\/abaya-charm\/","title":{"rendered":"Abaya Charm"},"content":{"rendered":"<p>Abaya con\u00e7u dans un tissu fluide et opaque et qui peut \u00eatre port\u00e9e ouverte ou ferm\u00e9e grace aux tiktak invisibles. Elle vous procure du confort au quotidien avec sa retomb\u00e9e agr\u00e9able et modeste et ses jolis d\u00e9tails sur les manches qui font tout le charme de cette abaya.<br \/>\nRobe droite disponible.<br \/>\nDisponible en 2 couleur et en toutes tailles.<\/p>\n<p>&nbsp;<\/p>","protected":false},"excerpt":{"rendered":"<p>Abaya con\u00e7u dans un tissu fluide et opaque et qui peut \u00eatre port\u00e9e ouverte ou ferm\u00e9e grace aux tiktak invisibles.<\/p>","protected":false},"featured_media":9228,"comment_status":"open","ping_status":"closed","template":"","meta":{"_acf_changed":false},"product_brand":[],"product_cat":[53],"product_tag":[],"class_list":{"0":"post-9172","1":"product","2":"type-product","3":"status-publish","4":"has-post-thumbnail","6":"product_cat-53","8":"first","9":"outofstock","10":"sale","11":"shipping-taxable","12":"purchasable","13":"product-type-variable"},"acf":[],"_links":{"self":[{"href":"https:\/\/elnesry.com\/fr\/wp-json\/wp\/v2\/product\/9172","targetHints":{"allow":["GET"]}}],"collection":[{"href":"https:\/\/elnesry.com\/fr\/wp-json\/wp\/v2\/product"}],"about":[{"href":"https:\/\/elnesry.com\/fr\/wp-json\/wp\/v2\/types\/product"}],"replies":[{"embeddable":true,"href":"https:\/\/elnesry.com\/fr\/wp-json\/wp\/v2\/comments?post=9172"}],"wp:featuredmedia":[{"embeddable":true,"href":"https:\/\/elnesry.com\/fr\/wp-json\/wp\/v2\/media\/9228"}],"wp:attachment":[{"href":"https:\/\/elnesry.com\/fr\/wp-json\/wp\/v2\/media?parent=9172"}],"wp:term":[{"taxonomy":"product_brand","embeddable":true,"href":"https:\/\/elnesry.com\/fr\/wp-json\/wp\/v2\/product_brand?post=9172"},{"taxonomy":"product_cat","embeddable":true,"href":"https:\/\/elnesry.com\/fr\/wp-json\/wp\/v2\/product_cat?post=9172"},{"taxonomy":"product_tag","embeddable":true,"href":"https:\/\/elnesry.com\/fr\/wp-json\/wp\/v2\/product_tag?post=9172"}],"curies":[{"name":"wp","href":"https:\/\/api.w.org\/{rel}","templated":true}]}}