{"id":9210,"date":"2022-09-02T23:55:09","date_gmt":"2022-09-02T22:55:09","guid":{"rendered":"https:\/\/elnesry.com\/?post_type=product&#038;p=9210"},"modified":"2025-10-18T02:02:31","modified_gmt":"2025-10-18T01:02:31","slug":"oversized-suit-saumon","status":"publish","type":"product","link":"https:\/\/elnesry.com\/fr\/store\/oversized-suit-saumon\/","title":{"rendered":"Oversized Suit -Saumon-"},"content":{"rendered":"<p>Confortable du matin au soir. Ce pantalon avec sa coupe large qui cache la silhouette et sa veste oversized a la fois casuel et styl\u00e9e peut vous apporter du confort pour toute la journ\u00e9e tout en \u00e9tant classe et \u00e9l\u00e9gante.<\/p>\n<p>Disponible en plusieurs couleurs et en toutes tailles.<\/p>","protected":false},"excerpt":{"rendered":"<p>Confortable du matin au soir. Ce pantalon avec sa coupe large qui cache la silhouette et sa veste oversized a<\/p>","protected":false},"featured_media":9232,"comment_status":"open","ping_status":"closed","template":"","meta":{"_acf_changed":false},"product_brand":[],"product_cat":[128,54],"product_tag":[],"class_list":{"0":"post-9210","1":"product","2":"type-product","3":"status-publish","4":"has-post-thumbnail","6":"product_cat-destockage","7":"product_cat-54","9":"first","10":"instock","11":"sale","12":"shipping-taxable","13":"purchasable","14":"product-type-variable"},"acf":[],"_links":{"self":[{"href":"https:\/\/elnesry.com\/fr\/wp-json\/wp\/v2\/product\/9210","targetHints":{"allow":["GET"]}}],"collection":[{"href":"https:\/\/elnesry.com\/fr\/wp-json\/wp\/v2\/product"}],"about":[{"href":"https:\/\/elnesry.com\/fr\/wp-json\/wp\/v2\/types\/product"}],"replies":[{"embeddable":true,"href":"https:\/\/elnesry.com\/fr\/wp-json\/wp\/v2\/comments?post=9210"}],"wp:featuredmedia":[{"embeddable":true,"href":"https:\/\/elnesry.com\/fr\/wp-json\/wp\/v2\/media\/9232"}],"wp:attachment":[{"href":"https:\/\/elnesry.com\/fr\/wp-json\/wp\/v2\/media?parent=9210"}],"wp:term":[{"taxonomy":"product_brand","embeddable":true,"href":"https:\/\/elnesry.com\/fr\/wp-json\/wp\/v2\/product_brand?post=9210"},{"taxonomy":"product_cat","embeddable":true,"href":"https:\/\/elnesry.com\/fr\/wp-json\/wp\/v2\/product_cat?post=9210"},{"taxonomy":"product_tag","embeddable":true,"href":"https:\/\/elnesry.com\/fr\/wp-json\/wp\/v2\/product_tag?post=9210"}],"curies":[{"name":"wp","href":"https:\/\/api.w.org\/{rel}","templated":true}]}}