{"id":9269,"date":"2022-09-03T19:56:51","date_gmt":"2022-09-03T18:56:51","guid":{"rendered":"https:\/\/elnesry.com\/?post_type=product&#038;p=9269"},"modified":"2023-12-15T08:28:11","modified_gmt":"2023-12-15T07:28:11","slug":"abaya-the-unique-noir","status":"publish","type":"product","link":"https:\/\/elnesry.com\/fr\/store\/abaya-the-unique-noir\/","title":{"rendered":"Abaya The Unique &#8211; Noir &#8211;"},"content":{"rendered":"<p>Abaya coupe oversize qui cache la silhouette du corps, id\u00e9ale pour vos journ\u00e9es charg\u00e9es et vous apporte une sensation classe et \u00e9l\u00e9gante tout en \u00e9tant Mastoura.<br \/>\nDisponible en 3 couleurs et en toutes tailles.<\/p>\n<p>Prix de l&#8217;Abaya : 4200da<\/p>\n<p>Prix du fourlard : 1000da<\/p>","protected":false},"excerpt":{"rendered":"<p>Abaya coupe oversize qui cache la silhouette du corps, id\u00e9ale pour vos journ\u00e9es charg\u00e9es et vous apporte une sensation classe<\/p>","protected":false},"featured_media":9195,"comment_status":"open","ping_status":"closed","template":"","meta":{"_acf_changed":false},"product_brand":[],"product_cat":[53],"product_tag":[],"class_list":{"0":"post-9269","1":"product","2":"type-product","3":"status-publish","4":"has-post-thumbnail","6":"product_cat-53","8":"first","9":"outofstock","10":"shipping-taxable","11":"purchasable","12":"product-type-variable"},"acf":[],"_links":{"self":[{"href":"https:\/\/elnesry.com\/fr\/wp-json\/wp\/v2\/product\/9269","targetHints":{"allow":["GET"]}}],"collection":[{"href":"https:\/\/elnesry.com\/fr\/wp-json\/wp\/v2\/product"}],"about":[{"href":"https:\/\/elnesry.com\/fr\/wp-json\/wp\/v2\/types\/product"}],"replies":[{"embeddable":true,"href":"https:\/\/elnesry.com\/fr\/wp-json\/wp\/v2\/comments?post=9269"}],"wp:featuredmedia":[{"embeddable":true,"href":"https:\/\/elnesry.com\/fr\/wp-json\/wp\/v2\/media\/9195"}],"wp:attachment":[{"href":"https:\/\/elnesry.com\/fr\/wp-json\/wp\/v2\/media?parent=9269"}],"wp:term":[{"taxonomy":"product_brand","embeddable":true,"href":"https:\/\/elnesry.com\/fr\/wp-json\/wp\/v2\/product_brand?post=9269"},{"taxonomy":"product_cat","embeddable":true,"href":"https:\/\/elnesry.com\/fr\/wp-json\/wp\/v2\/product_cat?post=9269"},{"taxonomy":"product_tag","embeddable":true,"href":"https:\/\/elnesry.com\/fr\/wp-json\/wp\/v2\/product_tag?post=9269"}],"curies":[{"name":"wp","href":"https:\/\/api.w.org\/{rel}","templated":true}]}}