{"id":9596,"date":"2022-10-07T10:20:44","date_gmt":"2022-10-07T09:20:44","guid":{"rendered":"https:\/\/elnesry.com\/?post_type=product&#038;p=9596"},"modified":"2023-12-15T08:33:40","modified_gmt":"2023-12-15T07:33:40","slug":"abaya-the-active","status":"publish","type":"product","link":"https:\/\/elnesry.com\/fr\/store\/abaya-the-active\/","title":{"rendered":"Abaya The Active"},"content":{"rendered":"<p>Soyez toutes sublimes a l&#8217;occasion de Mawlid el-Nabi avec cette abaya qui va vous offrir une sensation de confort et de soutra tout en \u00e9tant d\u00e9contract\u00e9e et casuel.<br \/>\nFermeture en tiktak sur le devant.<br \/>\nPoches plaqu\u00e9es sur le devant.<br \/>\nDisponible en 2 couleurs (Camel &#8211; Gris)<\/p>","protected":false},"excerpt":{"rendered":"<p>Soyez toutes sublimes a l&#8217;occasion de Mawlid el-Nabi avec cette abaya qui va vous offrir une sensation de confort et<\/p>","protected":false},"featured_media":9597,"comment_status":"open","ping_status":"closed","template":"","meta":{"_acf_changed":false},"product_brand":[],"product_cat":[53],"product_tag":[],"class_list":{"0":"post-9596","1":"product","2":"type-product","3":"status-publish","4":"has-post-thumbnail","6":"product_cat-53","8":"first","9":"outofstock","10":"shipping-taxable","11":"purchasable","12":"product-type-variable"},"acf":[],"_links":{"self":[{"href":"https:\/\/elnesry.com\/fr\/wp-json\/wp\/v2\/product\/9596","targetHints":{"allow":["GET"]}}],"collection":[{"href":"https:\/\/elnesry.com\/fr\/wp-json\/wp\/v2\/product"}],"about":[{"href":"https:\/\/elnesry.com\/fr\/wp-json\/wp\/v2\/types\/product"}],"replies":[{"embeddable":true,"href":"https:\/\/elnesry.com\/fr\/wp-json\/wp\/v2\/comments?post=9596"}],"wp:featuredmedia":[{"embeddable":true,"href":"https:\/\/elnesry.com\/fr\/wp-json\/wp\/v2\/media\/9597"}],"wp:attachment":[{"href":"https:\/\/elnesry.com\/fr\/wp-json\/wp\/v2\/media?parent=9596"}],"wp:term":[{"taxonomy":"product_brand","embeddable":true,"href":"https:\/\/elnesry.com\/fr\/wp-json\/wp\/v2\/product_brand?post=9596"},{"taxonomy":"product_cat","embeddable":true,"href":"https:\/\/elnesry.com\/fr\/wp-json\/wp\/v2\/product_cat?post=9596"},{"taxonomy":"product_tag","embeddable":true,"href":"https:\/\/elnesry.com\/fr\/wp-json\/wp\/v2\/product_tag?post=9596"}],"curies":[{"name":"wp","href":"https:\/\/api.w.org\/{rel}","templated":true}]}}