{"id":9607,"date":"2022-10-07T10:21:28","date_gmt":"2022-10-07T09:21:28","guid":{"rendered":"https:\/\/elnesry.com\/?post_type=product&#038;p=9607"},"modified":"2023-12-15T08:33:41","modified_gmt":"2023-12-15T07:33:41","slug":"abaya-the-brave","status":"publish","type":"product","link":"https:\/\/elnesry.com\/fr\/store\/abaya-the-brave\/","title":{"rendered":"Abaya The Brave"},"content":{"rendered":"<p>Soyez toutes sublimes a l&#8217;occasion de Mawlid el-Nabi avec cette abaya qui va vous offrir une sensation de confort et de soutra tout en \u00e9tant d\u00e9contract\u00e9e et casuel.<br \/>\nFermeture en tiktak sur le devant.<br \/>\nDisponible en 2 couleurs (Bleu Jean et Bleu fonc\u00e9)<\/p>","protected":false},"excerpt":{"rendered":"<p>Soyez toutes sublimes a l&#8217;occasion de Mawlid el-Nabi avec cette abaya qui va vous offrir une sensation de confort et<\/p>","protected":false},"featured_media":9612,"comment_status":"open","ping_status":"closed","template":"","meta":{"_acf_changed":false},"product_brand":[],"product_cat":[53],"product_tag":[],"class_list":{"0":"post-9607","1":"product","2":"type-product","3":"status-publish","4":"has-post-thumbnail","6":"product_cat-53","8":"first","9":"outofstock","10":"shipping-taxable","11":"purchasable","12":"product-type-variable"},"acf":[],"_links":{"self":[{"href":"https:\/\/elnesry.com\/fr\/wp-json\/wp\/v2\/product\/9607","targetHints":{"allow":["GET"]}}],"collection":[{"href":"https:\/\/elnesry.com\/fr\/wp-json\/wp\/v2\/product"}],"about":[{"href":"https:\/\/elnesry.com\/fr\/wp-json\/wp\/v2\/types\/product"}],"replies":[{"embeddable":true,"href":"https:\/\/elnesry.com\/fr\/wp-json\/wp\/v2\/comments?post=9607"}],"wp:featuredmedia":[{"embeddable":true,"href":"https:\/\/elnesry.com\/fr\/wp-json\/wp\/v2\/media\/9612"}],"wp:attachment":[{"href":"https:\/\/elnesry.com\/fr\/wp-json\/wp\/v2\/media?parent=9607"}],"wp:term":[{"taxonomy":"product_brand","embeddable":true,"href":"https:\/\/elnesry.com\/fr\/wp-json\/wp\/v2\/product_brand?post=9607"},{"taxonomy":"product_cat","embeddable":true,"href":"https:\/\/elnesry.com\/fr\/wp-json\/wp\/v2\/product_cat?post=9607"},{"taxonomy":"product_tag","embeddable":true,"href":"https:\/\/elnesry.com\/fr\/wp-json\/wp\/v2\/product_tag?post=9607"}],"curies":[{"name":"wp","href":"https:\/\/api.w.org\/{rel}","templated":true}]}}