{"id":9617,"date":"2022-10-07T10:33:40","date_gmt":"2022-10-07T09:33:40","guid":{"rendered":"https:\/\/elnesry.com\/?post_type=product&#038;p=9617"},"modified":"2023-12-15T08:33:42","modified_gmt":"2023-12-15T07:33:42","slug":"abaya-the-brave-vert","status":"publish","type":"product","link":"https:\/\/elnesry.com\/fr\/store\/abaya-the-brave-vert\/","title":{"rendered":"Abaya The Brave -vert-"},"content":{"rendered":"<p>Soyez toutes sublimes a l&#8217;occasion de Mawlid el-Nabi avec cette abaya qui va vous offrir une sensation de confort et de soutra tout en \u00e9tant d\u00e9contract\u00e9e et casuel.<br \/>\nFermeture en tiktak sur le devant.<br \/>\nD\u00e9tails en galon sur les manches.<br \/>\nDisponible en 1 couleur (vert)<\/p>","protected":false},"excerpt":{"rendered":"<p>Soyez toutes sublimes a l&#8217;occasion de Mawlid el-Nabi avec cette abaya qui va vous offrir une sensation de confort et<\/p>","protected":false},"featured_media":9622,"comment_status":"open","ping_status":"closed","template":"","meta":{"_acf_changed":false},"product_brand":[],"product_cat":[53],"product_tag":[],"class_list":{"0":"post-9617","1":"product","2":"type-product","3":"status-publish","4":"has-post-thumbnail","6":"product_cat-53","8":"first","9":"outofstock","10":"shipping-taxable","11":"purchasable","12":"product-type-variable"},"acf":[],"_links":{"self":[{"href":"https:\/\/elnesry.com\/fr\/wp-json\/wp\/v2\/product\/9617","targetHints":{"allow":["GET"]}}],"collection":[{"href":"https:\/\/elnesry.com\/fr\/wp-json\/wp\/v2\/product"}],"about":[{"href":"https:\/\/elnesry.com\/fr\/wp-json\/wp\/v2\/types\/product"}],"replies":[{"embeddable":true,"href":"https:\/\/elnesry.com\/fr\/wp-json\/wp\/v2\/comments?post=9617"}],"wp:featuredmedia":[{"embeddable":true,"href":"https:\/\/elnesry.com\/fr\/wp-json\/wp\/v2\/media\/9622"}],"wp:attachment":[{"href":"https:\/\/elnesry.com\/fr\/wp-json\/wp\/v2\/media?parent=9617"}],"wp:term":[{"taxonomy":"product_brand","embeddable":true,"href":"https:\/\/elnesry.com\/fr\/wp-json\/wp\/v2\/product_brand?post=9617"},{"taxonomy":"product_cat","embeddable":true,"href":"https:\/\/elnesry.com\/fr\/wp-json\/wp\/v2\/product_cat?post=9617"},{"taxonomy":"product_tag","embeddable":true,"href":"https:\/\/elnesry.com\/fr\/wp-json\/wp\/v2\/product_tag?post=9617"}],"curies":[{"name":"wp","href":"https:\/\/api.w.org\/{rel}","templated":true}]}}