{"id":9651,"date":"2022-10-11T13:54:32","date_gmt":"2022-10-11T12:54:32","guid":{"rendered":"https:\/\/elnesry.com\/?post_type=product&#038;p=9651"},"modified":"2024-09-12T18:12:31","modified_gmt":"2024-09-12T17:12:31","slug":"foulard-en-crepe-soft","status":"publish","type":"product","link":"https:\/\/elnesry.com\/fr\/store\/foulard-en-crepe-soft\/","title":{"rendered":"Foulard en Cr\u00eape Soft"},"content":{"rendered":"<p>Des foulards en Cr\u00eape Soft con\u00e7us dans un tissu opaque tr\u00e8s doux et qui peuvent \u00eatre port\u00e9s en 4 saisons.<br \/>\nDimensions : 20*75cm<br \/>\nDisponible en plusieurs couleurs.<\/p>","protected":false},"excerpt":{"rendered":"<p>Des foulards en Cr\u00eape Soft con\u00e7us dans un tissu opaque tr\u00e8s doux et qui peuvent \u00eatre port\u00e9s en 4 saisons.<\/p>","protected":false},"featured_media":17832,"comment_status":"open","ping_status":"closed","template":"","meta":{"_acf_changed":false},"product_brand":[],"product_cat":[66],"product_tag":[],"class_list":{"0":"post-9651","1":"product","2":"type-product","3":"status-publish","4":"has-post-thumbnail","6":"product_cat-66","8":"first","9":"instock","10":"shipping-taxable","11":"purchasable","12":"product-type-variable"},"acf":[],"_links":{"self":[{"href":"https:\/\/elnesry.com\/fr\/wp-json\/wp\/v2\/product\/9651","targetHints":{"allow":["GET"]}}],"collection":[{"href":"https:\/\/elnesry.com\/fr\/wp-json\/wp\/v2\/product"}],"about":[{"href":"https:\/\/elnesry.com\/fr\/wp-json\/wp\/v2\/types\/product"}],"replies":[{"embeddable":true,"href":"https:\/\/elnesry.com\/fr\/wp-json\/wp\/v2\/comments?post=9651"}],"wp:featuredmedia":[{"embeddable":true,"href":"https:\/\/elnesry.com\/fr\/wp-json\/wp\/v2\/media\/17832"}],"wp:attachment":[{"href":"https:\/\/elnesry.com\/fr\/wp-json\/wp\/v2\/media?parent=9651"}],"wp:term":[{"taxonomy":"product_brand","embeddable":true,"href":"https:\/\/elnesry.com\/fr\/wp-json\/wp\/v2\/product_brand?post=9651"},{"taxonomy":"product_cat","embeddable":true,"href":"https:\/\/elnesry.com\/fr\/wp-json\/wp\/v2\/product_cat?post=9651"},{"taxonomy":"product_tag","embeddable":true,"href":"https:\/\/elnesry.com\/fr\/wp-json\/wp\/v2\/product_tag?post=9651"}],"curies":[{"name":"wp","href":"https:\/\/api.w.org\/{rel}","templated":true}]}}