{"id":9728,"date":"2022-10-16T20:15:12","date_gmt":"2022-10-16T19:15:12","guid":{"rendered":"https:\/\/elnesry.com\/?post_type=product&#038;p=9728"},"modified":"2023-12-15T08:33:49","modified_gmt":"2023-12-15T07:33:49","slug":"robe-jogging-duo","status":"publish","type":"product","link":"https:\/\/elnesry.com\/fr\/store\/robe-jogging-duo\/","title":{"rendered":"Robe Jogging Duo"},"content":{"rendered":"<p>Robe style jogging avec une coupe l\u00e9g\u00e8rement \u00e9vas\u00e9e con\u00e7u avec un tissu opaque et confortable.<br \/>\nCol officier boutonn\u00e9.<br \/>\n\u00c9paules tombantes.<br \/>\nDisponible en une seule couleur et en toutes tailles.<\/p>","protected":false},"excerpt":{"rendered":"<p>Robe style jogging avec une coupe l\u00e9g\u00e8rement \u00e9vas\u00e9e con\u00e7u avec un tissu opaque et confortable. Col officier boutonn\u00e9. \u00c9paules tombantes.<\/p>","protected":false},"featured_media":9730,"comment_status":"open","ping_status":"closed","template":"","meta":{"_acf_changed":false},"product_brand":[],"product_cat":[58],"product_tag":[],"class_list":{"0":"post-9728","1":"product","2":"type-product","3":"status-publish","4":"has-post-thumbnail","6":"product_cat-58","8":"first","9":"outofstock","10":"sale","11":"shipping-taxable","12":"purchasable","13":"product-type-variable"},"acf":[],"_links":{"self":[{"href":"https:\/\/elnesry.com\/fr\/wp-json\/wp\/v2\/product\/9728","targetHints":{"allow":["GET"]}}],"collection":[{"href":"https:\/\/elnesry.com\/fr\/wp-json\/wp\/v2\/product"}],"about":[{"href":"https:\/\/elnesry.com\/fr\/wp-json\/wp\/v2\/types\/product"}],"replies":[{"embeddable":true,"href":"https:\/\/elnesry.com\/fr\/wp-json\/wp\/v2\/comments?post=9728"}],"wp:featuredmedia":[{"embeddable":true,"href":"https:\/\/elnesry.com\/fr\/wp-json\/wp\/v2\/media\/9730"}],"wp:attachment":[{"href":"https:\/\/elnesry.com\/fr\/wp-json\/wp\/v2\/media?parent=9728"}],"wp:term":[{"taxonomy":"product_brand","embeddable":true,"href":"https:\/\/elnesry.com\/fr\/wp-json\/wp\/v2\/product_brand?post=9728"},{"taxonomy":"product_cat","embeddable":true,"href":"https:\/\/elnesry.com\/fr\/wp-json\/wp\/v2\/product_cat?post=9728"},{"taxonomy":"product_tag","embeddable":true,"href":"https:\/\/elnesry.com\/fr\/wp-json\/wp\/v2\/product_tag?post=9728"}],"curies":[{"name":"wp","href":"https:\/\/api.w.org\/{rel}","templated":true}]}}