{"id":9898,"date":"2022-11-03T18:02:44","date_gmt":"2022-11-03T17:02:44","guid":{"rendered":"https:\/\/elnesry.com\/?post_type=product&#038;p=9898"},"modified":"2025-10-16T22:41:48","modified_gmt":"2025-10-16T21:41:48","slug":"winter-dress","status":"publish","type":"product","link":"https:\/\/elnesry.com\/fr\/store\/winter-dress\/","title":{"rendered":"Winter Dress"},"content":{"rendered":"<p>Robe tr\u00e8s \u00e9l\u00e9gante et classe cousue dans un tissu de tr\u00e8s bonne qualit\u00e9.<br \/>\nCoupe \u00e9vas\u00e9e avec un col montant, des \u00e9paules tombantes et des manches bouffantes.<br \/>\nDisponible en 3 couleurs (Camel, vert et gris) et en toutes tailles.<\/p>","protected":false},"excerpt":{"rendered":"<p>Robe tr\u00e8s \u00e9l\u00e9gante et classe cousue dans un tissu de tr\u00e8s bonne qualit\u00e9. Coupe \u00e9vas\u00e9e avec un col montant, des<\/p>","protected":false},"featured_media":9899,"comment_status":"open","ping_status":"closed","template":"","meta":{"_acf_changed":false},"product_brand":[],"product_cat":[58],"product_tag":[],"class_list":{"0":"post-9898","1":"product","2":"type-product","3":"status-publish","4":"has-post-thumbnail","6":"product_cat-58","8":"first","9":"outofstock","10":"sale","11":"shipping-taxable","12":"purchasable","13":"product-type-variable"},"acf":[],"_links":{"self":[{"href":"https:\/\/elnesry.com\/fr\/wp-json\/wp\/v2\/product\/9898","targetHints":{"allow":["GET"]}}],"collection":[{"href":"https:\/\/elnesry.com\/fr\/wp-json\/wp\/v2\/product"}],"about":[{"href":"https:\/\/elnesry.com\/fr\/wp-json\/wp\/v2\/types\/product"}],"replies":[{"embeddable":true,"href":"https:\/\/elnesry.com\/fr\/wp-json\/wp\/v2\/comments?post=9898"}],"wp:featuredmedia":[{"embeddable":true,"href":"https:\/\/elnesry.com\/fr\/wp-json\/wp\/v2\/media\/9899"}],"wp:attachment":[{"href":"https:\/\/elnesry.com\/fr\/wp-json\/wp\/v2\/media?parent=9898"}],"wp:term":[{"taxonomy":"product_brand","embeddable":true,"href":"https:\/\/elnesry.com\/fr\/wp-json\/wp\/v2\/product_brand?post=9898"},{"taxonomy":"product_cat","embeddable":true,"href":"https:\/\/elnesry.com\/fr\/wp-json\/wp\/v2\/product_cat?post=9898"},{"taxonomy":"product_tag","embeddable":true,"href":"https:\/\/elnesry.com\/fr\/wp-json\/wp\/v2\/product_tag?post=9898"}],"curies":[{"name":"wp","href":"https:\/\/api.w.org\/{rel}","templated":true}]}}