{"id":9907,"date":"2022-11-03T18:09:58","date_gmt":"2022-11-03T17:09:58","guid":{"rendered":"https:\/\/elnesry.com\/?post_type=product&#038;p=9907"},"modified":"2025-10-16T22:26:38","modified_gmt":"2025-10-16T21:26:38","slug":"robe-en-laine-maxi","status":"publish","type":"product","link":"https:\/\/elnesry.com\/fr\/store\/robe-en-laine-maxi\/","title":{"rendered":"Robe En Laine Maxi"},"content":{"rendered":"<p>Robe longue con\u00e7ue dans un tissu en laine fluide et l\u00e9g\u00e8rement \u00e9pais qui vous offre une sensation de douceur et de fluidit\u00e9. Coupe \u00e9vas\u00e9e avec des manches coupe large.<br \/>\nDisponible en 3 couleurs (Camel, gris et noir) et en toutes tailles.<\/p>","protected":false},"excerpt":{"rendered":"<p>Robe longue con\u00e7ue dans un tissu en laine fluide et l\u00e9g\u00e8rement \u00e9pais qui vous offre une sensation de douceur et<\/p>","protected":false},"featured_media":9908,"comment_status":"open","ping_status":"closed","template":"","meta":{"_acf_changed":false},"product_brand":[],"product_cat":[58],"product_tag":[],"class_list":{"0":"post-9907","1":"product","2":"type-product","3":"status-publish","4":"has-post-thumbnail","6":"product_cat-58","8":"first","9":"outofstock","10":"shipping-taxable","11":"purchasable","12":"product-type-variable"},"acf":[],"_links":{"self":[{"href":"https:\/\/elnesry.com\/fr\/wp-json\/wp\/v2\/product\/9907","targetHints":{"allow":["GET"]}}],"collection":[{"href":"https:\/\/elnesry.com\/fr\/wp-json\/wp\/v2\/product"}],"about":[{"href":"https:\/\/elnesry.com\/fr\/wp-json\/wp\/v2\/types\/product"}],"replies":[{"embeddable":true,"href":"https:\/\/elnesry.com\/fr\/wp-json\/wp\/v2\/comments?post=9907"}],"wp:featuredmedia":[{"embeddable":true,"href":"https:\/\/elnesry.com\/fr\/wp-json\/wp\/v2\/media\/9908"}],"wp:attachment":[{"href":"https:\/\/elnesry.com\/fr\/wp-json\/wp\/v2\/media?parent=9907"}],"wp:term":[{"taxonomy":"product_brand","embeddable":true,"href":"https:\/\/elnesry.com\/fr\/wp-json\/wp\/v2\/product_brand?post=9907"},{"taxonomy":"product_cat","embeddable":true,"href":"https:\/\/elnesry.com\/fr\/wp-json\/wp\/v2\/product_cat?post=9907"},{"taxonomy":"product_tag","embeddable":true,"href":"https:\/\/elnesry.com\/fr\/wp-json\/wp\/v2\/product_tag?post=9907"}],"curies":[{"name":"wp","href":"https:\/\/api.w.org\/{rel}","templated":true}]}}