{"id":9966,"date":"2022-11-07T18:38:30","date_gmt":"2022-11-07T17:38:30","guid":{"rendered":"https:\/\/elnesry.com\/?post_type=product&#038;p=9966"},"modified":"2024-04-15T11:14:41","modified_gmt":"2024-04-15T10:14:41","slug":"abaya-organza-black","status":"publish","type":"product","link":"https:\/\/elnesry.com\/fr\/store\/abaya-organza-black\/","title":{"rendered":"Abaya Organza -Black-"},"content":{"rendered":"<p>Pour l&#8217;aid, pour vos occasion ou vos petits \u00e9v\u00e9nements. Abaya tr\u00e8s originale confectionn\u00e9e dans un tissu de haute gamme et des manches en organza d&#8217;une qualit\u00e9 exceptionnelle.<\/p>\n<p>Disponible en 2 couleurs et en toutes tailles<\/p>","protected":false},"excerpt":{"rendered":"<p>Pour l&#8217;aid, pour vos occasion ou vos petits \u00e9v\u00e9nements. Abaya tr\u00e8s originale confectionn\u00e9e dans un tissu de haute gamme et<\/p>","protected":false},"featured_media":9970,"comment_status":"open","ping_status":"closed","template":"","meta":{"_acf_changed":false},"product_brand":[],"product_cat":[53],"product_tag":[],"class_list":{"0":"post-9966","1":"product","2":"type-product","3":"status-publish","4":"has-post-thumbnail","6":"product_cat-53","8":"first","9":"outofstock","10":"sale","11":"shipping-taxable","12":"purchasable","13":"product-type-variable"},"acf":[],"_links":{"self":[{"href":"https:\/\/elnesry.com\/fr\/wp-json\/wp\/v2\/product\/9966","targetHints":{"allow":["GET"]}}],"collection":[{"href":"https:\/\/elnesry.com\/fr\/wp-json\/wp\/v2\/product"}],"about":[{"href":"https:\/\/elnesry.com\/fr\/wp-json\/wp\/v2\/types\/product"}],"replies":[{"embeddable":true,"href":"https:\/\/elnesry.com\/fr\/wp-json\/wp\/v2\/comments?post=9966"}],"wp:featuredmedia":[{"embeddable":true,"href":"https:\/\/elnesry.com\/fr\/wp-json\/wp\/v2\/media\/9970"}],"wp:attachment":[{"href":"https:\/\/elnesry.com\/fr\/wp-json\/wp\/v2\/media?parent=9966"}],"wp:term":[{"taxonomy":"product_brand","embeddable":true,"href":"https:\/\/elnesry.com\/fr\/wp-json\/wp\/v2\/product_brand?post=9966"},{"taxonomy":"product_cat","embeddable":true,"href":"https:\/\/elnesry.com\/fr\/wp-json\/wp\/v2\/product_cat?post=9966"},{"taxonomy":"product_tag","embeddable":true,"href":"https:\/\/elnesry.com\/fr\/wp-json\/wp\/v2\/product_tag?post=9966"}],"curies":[{"name":"wp","href":"https:\/\/api.w.org\/{rel}","templated":true}]}}